{"id":9667,"date":"2026-03-27T09:40:13","date_gmt":"2026-03-27T09:40:13","guid":{"rendered":"https:\/\/aborrego.inscastellbisbal.net\/?page_id=9667"},"modified":"2026-03-27T09:44:06","modified_gmt":"2026-03-27T09:44:06","slug":"unitat-de-xarxa-compartida","status":"publish","type":"page","link":"https:\/\/aborrego.inscastellbisbal.net\/en\/unitat-de-xarxa-compartida\/","title":{"rendered":"UNitat de xarxa compartida"},"content":{"rendered":"<div data-elementor-type=\"wp-page\" data-elementor-id=\"9667\" class=\"elementor elementor-9667\">\n\t\t\t\t\t\t<section class=\"elementor-section elementor-top-section elementor-element elementor-element-6e124fa elementor-section-height-min-height elementor-section-items-top elementor-section-boxed elementor-section-height-default wpr-particle-no wpr-jarallax-no wpr-parallax-no wpr-sticky-section-no elementor-invisible\" data-id=\"6e124fa\" data-element_type=\"section\" data-e-type=\"section\" data-settings=\"{&quot;background_background&quot;:&quot;classic&quot;,&quot;animation&quot;:&quot;fadeIn&quot;,&quot;shape_divider_top&quot;:&quot;mountains&quot;}\">\n\t\t\t\t\t\t\t<div class=\"elementor-background-overlay\"><\/div>\n\t\t\t\t\t\t<div class=\"elementor-shape elementor-shape-top\" aria-hidden=\"true\" data-negative=\"false\">\n\t\t\t<svg xmlns=\"http:\/\/www.w3.org\/2000\/svg\" viewbox=\"0 0 1000 100\" preserveaspectratio=\"none\">\n\t<path class=\"elementor-shape-fill\" opacity=\"0.33\" d=\"M473,67.3c-203.9,88.3-263.1-34-320.3,0C66,119.1,0,59.7,0,59.7V0h1000v59.7 c0,0-62.1,26.1-94.9,29.3c-32.8,3.3-62.8-12.3-75.8-22.1C806,49.6,745.3,8.7,694.9,4.7S492.4,59,473,67.3z\"\/>\n\t<path class=\"elementor-shape-fill\" opacity=\"0.66\" d=\"M734,67.3c-45.5,0-77.2-23.2-129.1-39.1c-28.6-8.7-150.3-10.1-254,39.1 s-91.7-34.4-149.2,0C115.7,118.3,0,39.8,0,39.8V0h1000v36.5c0,0-28.2-18.5-92.1-18.5C810.2,18.1,775.7,67.3,734,67.3z\"\/>\n\t<path class=\"elementor-shape-fill\" d=\"M766.1,28.9c-200-57.5-266,65.5-395.1,19.5C242,1.8,242,5.4,184.8,20.6C128,35.8,132.3,44.9,89.9,52.5C28.6,63.7,0,0,0,0 h1000c0,0-9.9,40.9-83.6,48.1S829.6,47,766.1,28.9z\"\/>\n<\/svg>\t\t<\/div>\n\t\t\t\t\t<div class=\"elementor-container elementor-column-gap-default\">\n\t\t\t\t\t<div class=\"elementor-column elementor-col-50 elementor-top-column elementor-element elementor-element-2ddb7ce\" data-id=\"2ddb7ce\" data-element_type=\"column\" data-e-type=\"column\">\n\t\t\t<div class=\"elementor-widget-wrap elementor-element-populated\">\n\t\t\t\t\t\t<div class=\"elementor-element elementor-element-15178c4 elementor-invisible elementor-widget elementor-widget-heading\" data-id=\"15178c4\" data-element_type=\"widget\" data-e-type=\"widget\" data-settings=\"{&quot;_animation&quot;:&quot;fadeInUp&quot;,&quot;_animation_delay&quot;:500}\" data-widget_type=\"heading.default\">\n\t\t\t\t<div class=\"elementor-widget-container\">\n\t\t\t\t\t<h1 class=\"elementor-heading-title elementor-size-default\">Unitat de xarxa compartida<\/h1>\t\t\t\t<\/div>\n\t\t\t\t<\/div>\n\t\t\t\t<div class=\"elementor-element elementor-element-7112c06 elementor-widget elementor-widget-spacer\" data-id=\"7112c06\" data-element_type=\"widget\" data-e-type=\"widget\" data-widget_type=\"spacer.default\">\n\t\t\t\t<div class=\"elementor-widget-container\">\n\t\t\t\t\t\t\t<div class=\"elementor-spacer\">\n\t\t\t<div class=\"elementor-spacer-inner\"><\/div>\n\t\t<\/div>\n\t\t\t\t\t\t<\/div>\n\t\t\t\t<\/div>\n\t\t\t\t<div class=\"elementor-element elementor-element-1572dd9 elementor-widget elementor-widget-spacer\" data-id=\"1572dd9\" data-element_type=\"widget\" data-e-type=\"widget\" data-widget_type=\"spacer.default\">\n\t\t\t\t<div class=\"elementor-widget-container\">\n\t\t\t\t\t\t\t<div class=\"elementor-spacer\">\n\t\t\t<div class=\"elementor-spacer-inner\"><\/div>\n\t\t<\/div>\n\t\t\t\t\t\t<\/div>\n\t\t\t\t<\/div>\n\t\t\t\t\t<\/div>\n\t\t<\/div>\n\t\t\t\t<div class=\"elementor-column elementor-col-50 elementor-top-column elementor-element elementor-element-d344f0c\" data-id=\"d344f0c\" data-element_type=\"column\" data-e-type=\"column\">\n\t\t\t<div class=\"elementor-widget-wrap elementor-element-populated\">\n\t\t\t\t\t\t<div class=\"elementor-element elementor-element-8afce78 elementor-align-left elementor-widget elementor-widget-button\" data-id=\"8afce78\" data-element_type=\"widget\" data-e-type=\"widget\" data-widget_type=\"button.default\">\n\t\t\t\t<div class=\"elementor-widget-container\">\n\t\t\t\t\t\t\t\t\t<div class=\"elementor-button-wrapper\">\n\t\t\t\t\t<a class=\"elementor-button elementor-button-link elementor-size-sm elementor-animation-float\" href=\"https:\/\/aborrego.inscastellbisbal.net\/en\/repte-2-2-makrosoft\/\">\n\t\t\t\t\t\t<span class=\"elementor-button-content-wrapper\">\n\t\t\t\t\t\t\t\t\t<span class=\"elementor-button-text\">Tornar al repte 2.2<\/span>\n\t\t\t\t\t<\/span>\n\t\t\t\t\t<\/a>\n\t\t\t\t<\/div>\n\t\t\t\t\t\t\t\t<\/div>\n\t\t\t\t<\/div>\n\t\t\t\t\t<\/div>\n\t\t<\/div>\n\t\t\t\t\t<\/div>\n\t\t<\/section>\n\t\t<div class=\"elementor-element elementor-element-3735725 e-flex e-con-boxed wpr-particle-no wpr-jarallax-no wpr-parallax-no wpr-sticky-section-no e-con e-parent\" data-id=\"3735725\" data-element_type=\"container\" data-e-type=\"container\" data-settings=\"{&quot;shape_divider_top&quot;:&quot;opacity-tilt&quot;}\">\n\t\t\t\t\t<div class=\"e-con-inner\">\n\t\t\t\t<div class=\"elementor-shape elementor-shape-top\" aria-hidden=\"true\" data-negative=\"false\">\n\t\t\t<svg xmlns=\"http:\/\/www.w3.org\/2000\/svg\" viewbox=\"0 0 2600 131.1\" preserveaspectratio=\"none\">\n\t<path class=\"elementor-shape-fill\" d=\"M0 0L2600 0 2600 69.1 0 0z\"\/>\n\t<path class=\"elementor-shape-fill\" style=\"opacity:0.5\" d=\"M0 0L2600 0 2600 69.1 0 69.1z\"\/>\n\t<path class=\"elementor-shape-fill\" style=\"opacity:0.25\" d=\"M2600 0L0 0 0 130.1 2600 69.1z\"\/>\n<\/svg>\t\t<\/div>\n\t\t\t\t<div class=\"elementor-element elementor-element-e1d2577 elementor-widget elementor-widget-spacer\" data-id=\"e1d2577\" data-element_type=\"widget\" data-e-type=\"widget\" data-widget_type=\"spacer.default\">\n\t\t\t\t<div class=\"elementor-widget-container\">\n\t\t\t\t\t\t\t<div class=\"elementor-spacer\">\n\t\t\t<div class=\"elementor-spacer-inner\"><\/div>\n\t\t<\/div>\n\t\t\t\t\t\t<\/div>\n\t\t\t\t<\/div>\n\t\t\t\t<div class=\"elementor-element elementor-element-bf57eca elementor-widget elementor-widget-spacer\" data-id=\"bf57eca\" data-element_type=\"widget\" data-e-type=\"widget\" data-widget_type=\"spacer.default\">\n\t\t\t\t<div class=\"elementor-widget-container\">\n\t\t\t\t\t\t\t<div class=\"elementor-spacer\">\n\t\t\t<div class=\"elementor-spacer-inner\"><\/div>\n\t\t<\/div>\n\t\t\t\t\t\t<\/div>\n\t\t\t\t<\/div>\n\t\t\t\t\t<\/div>\n\t\t\t\t<\/div>\n\t\t\t\t<section class=\"elementor-section elementor-top-section elementor-element elementor-element-5ca210b elementor-section-boxed elementor-section-height-default elementor-section-height-default wpr-particle-no wpr-jarallax-no wpr-parallax-no wpr-sticky-section-no\" data-id=\"5ca210b\" data-element_type=\"section\" data-e-type=\"section\">\n\t\t\t\t\t\t<div class=\"elementor-container elementor-column-gap-default\">\n\t\t\t\t\t<div class=\"elementor-column elementor-col-100 elementor-top-column elementor-element elementor-element-2b395c0\" data-id=\"2b395c0\" data-element_type=\"column\" data-e-type=\"column\">\n\t\t\t<div class=\"elementor-widget-wrap elementor-element-populated\">\n\t\t\t\t\t\t<section class=\"elementor-section elementor-inner-section elementor-element elementor-element-2f6c6cc elementor-section-full_width elementor-section-content-top elementor-section-height-default elementor-section-height-default wpr-particle-no wpr-jarallax-no wpr-parallax-no wpr-sticky-section-no\" data-id=\"2f6c6cc\" data-element_type=\"section\" data-e-type=\"section\">\n\t\t\t\t\t\t<div class=\"elementor-container elementor-column-gap-no\">\n\t\t\t\t\t<div class=\"elementor-column elementor-col-33 elementor-inner-column elementor-element elementor-element-1d63653 animated-fast elementor-invisible\" data-id=\"1d63653\" data-element_type=\"column\" data-e-type=\"column\" data-settings=\"{&quot;animation&quot;:&quot;fadeInUp&quot;,&quot;background_background&quot;:&quot;classic&quot;}\">\n\t\t\t<div class=\"elementor-widget-wrap elementor-element-populated\">\n\t\t\t\t\t\t<section class=\"elementor-section elementor-inner-section elementor-element elementor-element-5019a52 elementor-section-boxed elementor-section-height-default elementor-section-height-default wpr-particle-no wpr-jarallax-no wpr-parallax-no wpr-sticky-section-no\" data-id=\"5019a52\" data-element_type=\"section\" data-e-type=\"section\">\n\t\t\t\t\t\t<div class=\"elementor-container elementor-column-gap-default\">\n\t\t\t\t\t<div class=\"elementor-column elementor-col-100 elementor-inner-column elementor-element elementor-element-f5f0b5a\" data-id=\"f5f0b5a\" data-element_type=\"column\" data-e-type=\"column\">\n\t\t\t<div class=\"elementor-widget-wrap elementor-element-populated\">\n\t\t\t\t\t\t<div class=\"elementor-element elementor-element-11ee7f5 elementor-widget elementor-widget-heading\" data-id=\"11ee7f5\" data-element_type=\"widget\" data-e-type=\"widget\" data-widget_type=\"heading.default\">\n\t\t\t\t<div class=\"elementor-widget-container\">\n\t\t\t\t\t<h3 class=\"elementor-heading-title elementor-size-default\"><a href=\"https:\/\/hbravo.inscastellbisbal.net\/2025\/12\/09\/unitat-de-xarxa-compartida\/\">Configuraci\u00f3 servidor SAMBA\n<\/a><\/h3>\t\t\t\t<\/div>\n\t\t\t\t<\/div>\n\t\t\t\t<div class=\"elementor-element elementor-element-f3bea60 elementor-widget elementor-widget-text-editor\" data-id=\"f3bea60\" data-element_type=\"widget\" data-e-type=\"widget\" data-widget_type=\"text-editor.default\">\n\t\t\t\t<div class=\"elementor-widget-container\">\n\t\t\t\t\t\t\t\t\t<p>\u00a0<\/p><p><em>Aquest enlla\u00e7 redirecciona al portafolis de Hugo Bravo<\/em><\/p>\t\t\t\t\t\t\t\t<\/div>\n\t\t\t\t<\/div>\n\t\t\t\t\t<\/div>\n\t\t<\/div>\n\t\t\t\t\t<\/div>\n\t\t<\/section>\n\t\t\t\t<div class=\"elementor-element elementor-element-2dd0f7a elementor-widget-divider--view-line elementor-widget elementor-widget-divider\" data-id=\"2dd0f7a\" data-element_type=\"widget\" data-e-type=\"widget\" data-widget_type=\"divider.default\">\n\t\t\t\t<div class=\"elementor-widget-container\">\n\t\t\t\t\t\t\t<div class=\"elementor-divider\">\n\t\t\t<span class=\"elementor-divider-separator\">\n\t\t\t\t\t\t<\/span>\n\t\t<\/div>\n\t\t\t\t\t\t<\/div>\n\t\t\t\t<\/div>\n\t\t\t\t\t<\/div>\n\t\t<\/div>\n\t\t\t\t<div class=\"elementor-column elementor-col-33 elementor-inner-column elementor-element elementor-element-3964d30 animated-fast elementor-invisible\" data-id=\"3964d30\" data-element_type=\"column\" data-e-type=\"column\" data-settings=\"{&quot;animation&quot;:&quot;fadeInUp&quot;,&quot;background_background&quot;:&quot;classic&quot;}\">\n\t\t\t<div class=\"elementor-widget-wrap elementor-element-populated\">\n\t\t\t\t\t\t<section class=\"elementor-section elementor-inner-section elementor-element elementor-element-98df02a elementor-section-boxed elementor-section-height-default elementor-section-height-default wpr-particle-no wpr-jarallax-no wpr-parallax-no wpr-sticky-section-no\" data-id=\"98df02a\" data-element_type=\"section\" data-e-type=\"section\">\n\t\t\t\t\t\t<div class=\"elementor-container elementor-column-gap-default\">\n\t\t\t\t\t<div class=\"elementor-column elementor-col-100 elementor-inner-column elementor-element elementor-element-e0e523b\" data-id=\"e0e523b\" data-element_type=\"column\" data-e-type=\"column\">\n\t\t\t<div class=\"elementor-widget-wrap elementor-element-populated\">\n\t\t\t\t\t\t<div class=\"elementor-element elementor-element-f799ee5 elementor-widget elementor-widget-heading\" data-id=\"f799ee5\" data-element_type=\"widget\" data-e-type=\"widget\" data-widget_type=\"heading.default\">\n\t\t\t\t<div class=\"elementor-widget-container\">\n\t\t\t\t\t<h3 class=\"elementor-heading-title elementor-size-default\"><a href=\"https:\/\/hbravo.inscastellbisbal.net\/2025\/12\/09\/unitat-de-xarxa-compartida\/\">\nRecurs compartit p\u00fablic de nom\u00e9s lectura\n<\/a><\/h3>\t\t\t\t<\/div>\n\t\t\t\t<\/div>\n\t\t\t\t<div class=\"elementor-element elementor-element-4e981ab elementor-widget elementor-widget-text-editor\" data-id=\"4e981ab\" data-element_type=\"widget\" data-e-type=\"widget\" data-widget_type=\"text-editor.default\">\n\t\t\t\t<div class=\"elementor-widget-container\">\n\t\t\t\t\t\t\t\t\t<p>\u00a0<\/p><p><em>Aquest enlla\u00e7 redirecciona al portafolis de Hugo Bravo<\/em><\/p>\t\t\t\t\t\t\t\t<\/div>\n\t\t\t\t<\/div>\n\t\t\t\t\t<\/div>\n\t\t<\/div>\n\t\t\t\t\t<\/div>\n\t\t<\/section>\n\t\t\t\t<div class=\"elementor-element elementor-element-8d2296d elementor-widget-divider--view-line elementor-widget elementor-widget-divider\" data-id=\"8d2296d\" data-element_type=\"widget\" data-e-type=\"widget\" data-widget_type=\"divider.default\">\n\t\t\t\t<div class=\"elementor-widget-container\">\n\t\t\t\t\t\t\t<div class=\"elementor-divider\">\n\t\t\t<span class=\"elementor-divider-separator\">\n\t\t\t\t\t\t<\/span>\n\t\t<\/div>\n\t\t\t\t\t\t<\/div>\n\t\t\t\t<\/div>\n\t\t\t\t\t<\/div>\n\t\t<\/div>\n\t\t\t\t<div class=\"elementor-column elementor-col-33 elementor-inner-column elementor-element elementor-element-de6b19f animated-fast elementor-invisible\" data-id=\"de6b19f\" data-element_type=\"column\" data-e-type=\"column\" data-settings=\"{&quot;animation&quot;:&quot;fadeInUp&quot;,&quot;background_background&quot;:&quot;classic&quot;}\">\n\t\t\t<div class=\"elementor-widget-wrap elementor-element-populated\">\n\t\t\t\t\t\t<section class=\"elementor-section elementor-inner-section elementor-element elementor-element-fb58195 elementor-section-boxed elementor-section-height-default elementor-section-height-default wpr-particle-no wpr-jarallax-no wpr-parallax-no wpr-sticky-section-no\" data-id=\"fb58195\" data-element_type=\"section\" data-e-type=\"section\">\n\t\t\t\t\t\t<div class=\"elementor-container elementor-column-gap-default\">\n\t\t\t\t\t<div class=\"elementor-column elementor-col-100 elementor-inner-column elementor-element elementor-element-1a29f9d\" data-id=\"1a29f9d\" data-element_type=\"column\" data-e-type=\"column\">\n\t\t\t<div class=\"elementor-widget-wrap elementor-element-populated\">\n\t\t\t\t\t\t<div class=\"elementor-element elementor-element-8b2f5c4 elementor-widget elementor-widget-heading\" data-id=\"8b2f5c4\" data-element_type=\"widget\" data-e-type=\"widget\" data-widget_type=\"heading.default\">\n\t\t\t\t<div class=\"elementor-widget-container\">\n\t\t\t\t\t<h3 class=\"elementor-heading-title elementor-size-default\"><a href=\"https:\/\/alozano.inscastellbisbal.net\/homepage\/registre-dels-r-e-p-t-e-s\/repte-9\/tasques-del-repte-9\/unitat-de-xarxa-compartida\/recursos-compartits-per-grups\/\">\nRecursos compartits per grups de persones de l'empresa amb permisos diferents\n\n<\/a><\/h3>\t\t\t\t<\/div>\n\t\t\t\t<\/div>\n\t\t\t\t<div class=\"elementor-element elementor-element-c210efc elementor-widget elementor-widget-text-editor\" data-id=\"c210efc\" data-element_type=\"widget\" data-e-type=\"widget\" data-widget_type=\"text-editor.default\">\n\t\t\t\t<div class=\"elementor-widget-container\">\n\t\t\t\t\t\t\t\t\t<p>\u00a0<\/p><p><em>Aquest enlla\u00e7 redirecciona al portafolis de Andr\u00e9s Lozano<\/em><\/p>\t\t\t\t\t\t\t\t<\/div>\n\t\t\t\t<\/div>\n\t\t\t\t\t<\/div>\n\t\t<\/div>\n\t\t\t\t\t<\/div>\n\t\t<\/section>\n\t\t\t\t<div class=\"elementor-element elementor-element-9b50d2b elementor-widget-divider--view-line elementor-widget elementor-widget-divider\" data-id=\"9b50d2b\" data-element_type=\"widget\" data-e-type=\"widget\" data-widget_type=\"divider.default\">\n\t\t\t\t<div class=\"elementor-widget-container\">\n\t\t\t\t\t\t\t<div class=\"elementor-divider\">\n\t\t\t<span class=\"elementor-divider-separator\">\n\t\t\t\t\t\t<\/span>\n\t\t<\/div>\n\t\t\t\t\t\t<\/div>\n\t\t\t\t<\/div>\n\t\t\t\t\t<\/div>\n\t\t<\/div>\n\t\t\t\t\t<\/div>\n\t\t<\/section>\n\t\t\t\t\t<\/div>\n\t\t<\/div>\n\t\t\t\t\t<\/div>\n\t\t<\/section>\n\t\t\t\t<\/div>","protected":false},"excerpt":{"rendered":"<p>Unitat de xarxa compartida Tornar al repte 2.2 Configuraci\u00f3 servidor SAMBA \u00a0 Aquest enlla\u00e7 redirecciona al portafolis de Hugo Bravo Recurs compartit p\u00fablic de nom\u00e9s lectura \u00a0 Aquest enlla\u00e7 redirecciona al portafolis de Hugo Bravo Recursos compartits per grups de persones de l&#8217;empresa amb permisos diferents \u00a0 Aquest enlla\u00e7 redirecciona al portafolis de Andr\u00e9s Lozano<\/p>","protected":false},"author":1,"featured_media":0,"parent":0,"menu_order":0,"comment_status":"closed","ping_status":"closed","template":"","meta":{"footnotes":""},"class_list":["post-9667","page","type-page","status-publish"],"yoast_head":"<!-- This site is optimized with the Yoast SEO plugin v27.1.1 - https:\/\/yoast.com\/product\/yoast-seo-wordpress\/ -->\n<title>UNitat de xarxa compartida - Ana Borrego Toledo<\/title>\n<meta name=\"robots\" content=\"noindex, follow, max-snippet:-1, max-image-preview:large, max-video-preview:-1\" \/>\n<meta property=\"og:locale\" content=\"en_US\" \/>\n<meta property=\"og:type\" content=\"article\" \/>\n<meta property=\"og:title\" content=\"UNitat de xarxa compartida - Ana Borrego Toledo\" \/>\n<meta property=\"og:description\" content=\"Unitat de xarxa compartida Tornar al repte 2.2 Configuraci\u00f3 servidor SAMBA \u00a0 Aquest enlla\u00e7 redirecciona al portafolis de Hugo Bravo Recurs compartit p\u00fablic de nom\u00e9s lectura \u00a0 Aquest enlla\u00e7 redirecciona al portafolis de Hugo Bravo Recursos compartits per grups de persones de l&#8217;empresa amb permisos diferents \u00a0 Aquest enlla\u00e7 redirecciona al portafolis de Andr\u00e9s Lozano\" \/>\n<meta property=\"og:url\" content=\"https:\/\/aborrego.inscastellbisbal.net\/en\/unitat-de-xarxa-compartida\/\" \/>\n<meta property=\"og:site_name\" content=\"Ana Borrego Toledo\" \/>\n<meta property=\"article:modified_time\" content=\"2026-03-27T09:44:06+00:00\" \/>\n<meta name=\"twitter:card\" content=\"summary_large_image\" \/>\n<meta name=\"twitter:label1\" content=\"Est. reading time\" \/>\n\t<meta name=\"twitter:data1\" content=\"1 minute\" \/>\n<script type=\"application\/ld+json\" class=\"yoast-schema-graph\">{\"@context\":\"https:\/\/schema.org\",\"@graph\":[{\"@type\":\"WebPage\",\"@id\":\"https:\/\/aborrego.inscastellbisbal.net\/unitat-de-xarxa-compartida\/\",\"url\":\"https:\/\/aborrego.inscastellbisbal.net\/unitat-de-xarxa-compartida\/\",\"name\":\"UNitat de xarxa compartida - Ana Borrego Toledo\",\"isPartOf\":{\"@id\":\"https:\/\/aborrego.inscastellbisbal.net\/#website\"},\"datePublished\":\"2026-03-27T09:40:13+00:00\",\"dateModified\":\"2026-03-27T09:44:06+00:00\",\"breadcrumb\":{\"@id\":\"https:\/\/aborrego.inscastellbisbal.net\/unitat-de-xarxa-compartida\/#breadcrumb\"},\"inLanguage\":\"en-US\",\"potentialAction\":[{\"@type\":\"ReadAction\",\"target\":[\"https:\/\/aborrego.inscastellbisbal.net\/unitat-de-xarxa-compartida\/\"]}]},{\"@type\":\"BreadcrumbList\",\"@id\":\"https:\/\/aborrego.inscastellbisbal.net\/unitat-de-xarxa-compartida\/#breadcrumb\",\"itemListElement\":[{\"@type\":\"ListItem\",\"position\":1,\"name\":\"Home\",\"item\":\"https:\/\/aborrego.inscastellbisbal.net\/\"},{\"@type\":\"ListItem\",\"position\":2,\"name\":\"UNitat de xarxa compartida\"}]},{\"@type\":\"WebSite\",\"@id\":\"https:\/\/aborrego.inscastellbisbal.net\/#website\",\"url\":\"https:\/\/aborrego.inscastellbisbal.net\/\",\"name\":\"Ana Borrego Toledo\",\"description\":\"\",\"publisher\":{\"@id\":\"https:\/\/aborrego.inscastellbisbal.net\/#organization\"},\"potentialAction\":[{\"@type\":\"SearchAction\",\"target\":{\"@type\":\"EntryPoint\",\"urlTemplate\":\"https:\/\/aborrego.inscastellbisbal.net\/?s={search_term_string}\"},\"query-input\":{\"@type\":\"PropertyValueSpecification\",\"valueRequired\":true,\"valueName\":\"search_term_string\"}}],\"inLanguage\":\"en-US\"},{\"@type\":\"Organization\",\"@id\":\"https:\/\/aborrego.inscastellbisbal.net\/#organization\",\"name\":\"Ana Borrego Toledo\",\"url\":\"https:\/\/aborrego.inscastellbisbal.net\/\",\"logo\":{\"@type\":\"ImageObject\",\"inLanguage\":\"en-US\",\"@id\":\"https:\/\/aborrego.inscastellbisbal.net\/#\/schema\/logo\/image\/\",\"url\":\"https:\/\/aborrego.inscastellbisbal.net\/wp-content\/uploads\/2025\/03\/cropped-Selection_255.png\",\"contentUrl\":\"https:\/\/aborrego.inscastellbisbal.net\/wp-content\/uploads\/2025\/03\/cropped-Selection_255.png\",\"width\":549,\"height\":328,\"caption\":\"Ana Borrego Toledo\"},\"image\":{\"@id\":\"https:\/\/aborrego.inscastellbisbal.net\/#\/schema\/logo\/image\/\"}}]}<\/script>\n<!-- \/ Yoast SEO plugin. -->","yoast_head_json":{"title":"UNitat de xarxa compartida - Ana Borrego Toledo","robots":{"index":"noindex","follow":"follow","max-snippet":"max-snippet:-1","max-image-preview":"max-image-preview:large","max-video-preview":"max-video-preview:-1"},"og_locale":"en_US","og_type":"article","og_title":"UNitat de xarxa compartida - Ana Borrego Toledo","og_description":"Unitat de xarxa compartida Tornar al repte 2.2 Configuraci\u00f3 servidor SAMBA \u00a0 Aquest enlla\u00e7 redirecciona al portafolis de Hugo Bravo Recurs compartit p\u00fablic de nom\u00e9s lectura \u00a0 Aquest enlla\u00e7 redirecciona al portafolis de Hugo Bravo Recursos compartits per grups de persones de l&#8217;empresa amb permisos diferents \u00a0 Aquest enlla\u00e7 redirecciona al portafolis de Andr\u00e9s Lozano","og_url":"https:\/\/aborrego.inscastellbisbal.net\/en\/unitat-de-xarxa-compartida\/","og_site_name":"Ana Borrego Toledo","article_modified_time":"2026-03-27T09:44:06+00:00","twitter_card":"summary_large_image","twitter_misc":{"Est. reading time":"1 minute"},"schema":{"@context":"https:\/\/schema.org","@graph":[{"@type":"WebPage","@id":"https:\/\/aborrego.inscastellbisbal.net\/unitat-de-xarxa-compartida\/","url":"https:\/\/aborrego.inscastellbisbal.net\/unitat-de-xarxa-compartida\/","name":"UNitat de xarxa compartida - Ana Borrego Toledo","isPartOf":{"@id":"https:\/\/aborrego.inscastellbisbal.net\/#website"},"datePublished":"2026-03-27T09:40:13+00:00","dateModified":"2026-03-27T09:44:06+00:00","breadcrumb":{"@id":"https:\/\/aborrego.inscastellbisbal.net\/unitat-de-xarxa-compartida\/#breadcrumb"},"inLanguage":"en-US","potentialAction":[{"@type":"ReadAction","target":["https:\/\/aborrego.inscastellbisbal.net\/unitat-de-xarxa-compartida\/"]}]},{"@type":"BreadcrumbList","@id":"https:\/\/aborrego.inscastellbisbal.net\/unitat-de-xarxa-compartida\/#breadcrumb","itemListElement":[{"@type":"ListItem","position":1,"name":"Home","item":"https:\/\/aborrego.inscastellbisbal.net\/"},{"@type":"ListItem","position":2,"name":"UNitat de xarxa compartida"}]},{"@type":"WebSite","@id":"https:\/\/aborrego.inscastellbisbal.net\/#website","url":"https:\/\/aborrego.inscastellbisbal.net\/","name":"Ana Borrego Toledo","description":"","publisher":{"@id":"https:\/\/aborrego.inscastellbisbal.net\/#organization"},"potentialAction":[{"@type":"SearchAction","target":{"@type":"EntryPoint","urlTemplate":"https:\/\/aborrego.inscastellbisbal.net\/?s={search_term_string}"},"query-input":{"@type":"PropertyValueSpecification","valueRequired":true,"valueName":"search_term_string"}}],"inLanguage":"en-US"},{"@type":"Organization","@id":"https:\/\/aborrego.inscastellbisbal.net\/#organization","name":"Ana Borrego Toledo","url":"https:\/\/aborrego.inscastellbisbal.net\/","logo":{"@type":"ImageObject","inLanguage":"en-US","@id":"https:\/\/aborrego.inscastellbisbal.net\/#\/schema\/logo\/image\/","url":"https:\/\/aborrego.inscastellbisbal.net\/wp-content\/uploads\/2025\/03\/cropped-Selection_255.png","contentUrl":"https:\/\/aborrego.inscastellbisbal.net\/wp-content\/uploads\/2025\/03\/cropped-Selection_255.png","width":549,"height":328,"caption":"Ana Borrego Toledo"},"image":{"@id":"https:\/\/aborrego.inscastellbisbal.net\/#\/schema\/logo\/image\/"}}]}},"_links":{"self":[{"href":"https:\/\/aborrego.inscastellbisbal.net\/en\/wp-json\/wp\/v2\/pages\/9667","targetHints":{"allow":["GET"]}}],"collection":[{"href":"https:\/\/aborrego.inscastellbisbal.net\/en\/wp-json\/wp\/v2\/pages"}],"about":[{"href":"https:\/\/aborrego.inscastellbisbal.net\/en\/wp-json\/wp\/v2\/types\/page"}],"author":[{"embeddable":true,"href":"https:\/\/aborrego.inscastellbisbal.net\/en\/wp-json\/wp\/v2\/users\/1"}],"replies":[{"embeddable":true,"href":"https:\/\/aborrego.inscastellbisbal.net\/en\/wp-json\/wp\/v2\/comments?post=9667"}],"version-history":[{"count":4,"href":"https:\/\/aborrego.inscastellbisbal.net\/en\/wp-json\/wp\/v2\/pages\/9667\/revisions"}],"predecessor-version":[{"id":9674,"href":"https:\/\/aborrego.inscastellbisbal.net\/en\/wp-json\/wp\/v2\/pages\/9667\/revisions\/9674"}],"wp:attachment":[{"href":"https:\/\/aborrego.inscastellbisbal.net\/en\/wp-json\/wp\/v2\/media?parent=9667"}],"curies":[{"name":"wp","href":"https:\/\/api.w.org\/{rel}","templated":true}]}}