{"id":6141,"date":"2025-03-19T07:46:22","date_gmt":"2025-03-19T07:46:22","guid":{"rendered":"https:\/\/aborrego.inscastellbisbal.net\/?page_id=6141"},"modified":"2025-04-09T11:18:55","modified_gmt":"2025-04-09T11:18:55","slug":"lecocarpa","status":"publish","type":"page","link":"https:\/\/aborrego.inscastellbisbal.net\/en\/lecocarpa\/","title":{"rendered":"L&#8217;Ecocarpa"},"content":{"rendered":"<div data-elementor-type=\"wp-page\" data-elementor-id=\"6141\" class=\"elementor elementor-6141\">\n\t\t\t\t\t\t<section class=\"elementor-section elementor-top-section elementor-element elementor-element-2675b09 elementor-section-height-min-height elementor-section-items-top elementor-section-boxed elementor-section-height-default wpr-particle-no wpr-jarallax-no wpr-parallax-no wpr-sticky-section-no wpr-equal-height-no elementor-invisible\" data-id=\"2675b09\" data-element_type=\"section\" data-e-type=\"section\" data-settings=\"{&quot;background_background&quot;:&quot;classic&quot;,&quot;animation&quot;:&quot;fadeIn&quot;,&quot;shape_divider_top&quot;:&quot;waves&quot;,&quot;shape_divider_top_negative&quot;:&quot;yes&quot;}\">\n\t\t\t\t\t<div class=\"elementor-shape elementor-shape-top\" aria-hidden=\"true\" data-negative=\"true\">\n\t\t\t<svg xmlns=\"http:\/\/www.w3.org\/2000\/svg\" viewbox=\"0 0 1000 100\" preserveaspectratio=\"none\">\n\t<path class=\"elementor-shape-fill\" d=\"M790.5,93.1c-59.3-5.3-116.8-18-192.6-50c-29.6-12.7-76.9-31-100.5-35.9c-23.6-4.9-52.6-7.8-75.5-5.3\tc-10.2,1.1-22.6,1.4-50.1,7.4c-27.2,6.3-58.2,16.6-79.4,24.7c-41.3,15.9-94.9,21.9-134,22.6C72,58.2,0,25.8,0,25.8V100h1000V65.3\tc0,0-51.5,19.4-106.2,25.7C839.5,97,814.1,95.2,790.5,93.1z\"\/>\n<\/svg>\t\t<\/div>\n\t\t\t\t\t<div class=\"elementor-container elementor-column-gap-default\">\n\t\t\t\t\t<div class=\"elementor-column elementor-col-50 elementor-top-column elementor-element elementor-element-b3f2575\" data-id=\"b3f2575\" data-element_type=\"column\" data-e-type=\"column\">\n\t\t\t<div class=\"elementor-widget-wrap elementor-element-populated\">\n\t\t\t\t\t\t<div class=\"elementor-element elementor-element-597f209 elementor-invisible elementor-widget elementor-widget-heading\" data-id=\"597f209\" data-element_type=\"widget\" data-e-type=\"widget\" data-settings=\"{&quot;_animation&quot;:&quot;fadeInUp&quot;,&quot;_animation_delay&quot;:500}\" data-widget_type=\"heading.default\">\n\t\t\t\t<div class=\"elementor-widget-container\">\n\t\t\t\t\t<h1 class=\"elementor-heading-title elementor-size-default\">L'ecocarpa<\/h1>\t\t\t\t<\/div>\n\t\t\t\t<\/div>\n\t\t\t\t<div class=\"elementor-element elementor-element-72af253 elementor-widget elementor-widget-spacer\" data-id=\"72af253\" data-element_type=\"widget\" data-e-type=\"widget\" data-widget_type=\"spacer.default\">\n\t\t\t\t<div class=\"elementor-widget-container\">\n\t\t\t\t\t\t\t<div class=\"elementor-spacer\">\n\t\t\t<div class=\"elementor-spacer-inner\"><\/div>\n\t\t<\/div>\n\t\t\t\t\t\t<\/div>\n\t\t\t\t<\/div>\n\t\t\t\t<div class=\"elementor-element elementor-element-c5c7e20 elementor-widget elementor-widget-spacer\" data-id=\"c5c7e20\" data-element_type=\"widget\" data-e-type=\"widget\" data-widget_type=\"spacer.default\">\n\t\t\t\t<div class=\"elementor-widget-container\">\n\t\t\t\t\t\t\t<div class=\"elementor-spacer\">\n\t\t\t<div class=\"elementor-spacer-inner\"><\/div>\n\t\t<\/div>\n\t\t\t\t\t\t<\/div>\n\t\t\t\t<\/div>\n\t\t\t\t\t<\/div>\n\t\t<\/div>\n\t\t\t\t<div class=\"elementor-column elementor-col-50 elementor-top-column elementor-element elementor-element-299842a\" data-id=\"299842a\" data-element_type=\"column\" data-e-type=\"column\">\n\t\t\t<div class=\"elementor-widget-wrap elementor-element-populated\">\n\t\t\t\t\t\t<div class=\"elementor-element elementor-element-63e54da elementor-align-left elementor-widget elementor-widget-button\" data-id=\"63e54da\" data-element_type=\"widget\" data-e-type=\"widget\" data-widget_type=\"button.default\">\n\t\t\t\t<div class=\"elementor-widget-container\">\n\t\t\t\t\t\t\t\t\t<div class=\"elementor-button-wrapper\">\n\t\t\t\t\t<a class=\"elementor-button elementor-button-link elementor-size-sm elementor-animation-float\" href=\"https:\/\/aborrego.inscastellbisbal.net\/en\/repte-1-6-talent-fp\/\">\n\t\t\t\t\t\t<span class=\"elementor-button-content-wrapper\">\n\t\t\t\t\t\t\t\t\t<span class=\"elementor-button-text\">Tornar al repte 1.6<\/span>\n\t\t\t\t\t<\/span>\n\t\t\t\t\t<\/a>\n\t\t\t\t<\/div>\n\t\t\t\t\t\t\t\t<\/div>\n\t\t\t\t<\/div>\n\t\t\t\t\t<\/div>\n\t\t<\/div>\n\t\t\t\t\t<\/div>\n\t\t<\/section>\n\t\t\t\t<section class=\"elementor-section elementor-top-section elementor-element elementor-element-bbccdbf elementor-section-boxed elementor-section-height-default elementor-section-height-default wpr-particle-no wpr-jarallax-no wpr-parallax-no wpr-sticky-section-no wpr-equal-height-no\" data-id=\"bbccdbf\" data-element_type=\"section\" data-e-type=\"section\">\n\t\t\t\t\t\t<div class=\"elementor-container elementor-column-gap-default\">\n\t\t\t\t\t<div class=\"elementor-column elementor-col-100 elementor-top-column elementor-element elementor-element-6130d28\" data-id=\"6130d28\" data-element_type=\"column\" data-e-type=\"column\">\n\t\t\t<div class=\"elementor-widget-wrap elementor-element-populated\">\n\t\t\t\t\t\t<div class=\"elementor-element elementor-element-aa30624 elementor-widget elementor-widget-spacer\" data-id=\"aa30624\" data-element_type=\"widget\" data-e-type=\"widget\" data-widget_type=\"spacer.default\">\n\t\t\t\t<div class=\"elementor-widget-container\">\n\t\t\t\t\t\t\t<div class=\"elementor-spacer\">\n\t\t\t<div class=\"elementor-spacer-inner\"><\/div>\n\t\t<\/div>\n\t\t\t\t\t\t<\/div>\n\t\t\t\t<\/div>\n\t\t\t\t<section class=\"elementor-section elementor-inner-section elementor-element elementor-element-924a86e elementor-section-full_width elementor-section-content-top elementor-section-height-default elementor-section-height-default wpr-particle-no wpr-jarallax-no wpr-parallax-no wpr-sticky-section-no wpr-equal-height-no\" data-id=\"924a86e\" data-element_type=\"section\" data-e-type=\"section\">\n\t\t\t\t\t\t<div class=\"elementor-container elementor-column-gap-no\">\n\t\t\t\t\t<div class=\"elementor-column elementor-col-50 elementor-inner-column elementor-element elementor-element-06926cb animated-fast elementor-invisible\" data-id=\"06926cb\" data-element_type=\"column\" data-e-type=\"column\" data-settings=\"{&quot;animation&quot;:&quot;fadeInUp&quot;,&quot;background_background&quot;:&quot;classic&quot;}\">\n\t\t\t<div class=\"elementor-widget-wrap elementor-element-populated\">\n\t\t\t\t\t\t<section class=\"elementor-section elementor-inner-section elementor-element elementor-element-f2cd5e2 elementor-section-boxed elementor-section-height-default elementor-section-height-default wpr-particle-no wpr-jarallax-no wpr-parallax-no wpr-sticky-section-no wpr-equal-height-no\" data-id=\"f2cd5e2\" data-element_type=\"section\" data-e-type=\"section\">\n\t\t\t\t\t\t<div class=\"elementor-container elementor-column-gap-default\">\n\t\t\t\t\t<div class=\"elementor-column elementor-col-100 elementor-inner-column elementor-element elementor-element-535892f\" data-id=\"535892f\" data-element_type=\"column\" data-e-type=\"column\">\n\t\t\t<div class=\"elementor-widget-wrap elementor-element-populated\">\n\t\t\t\t\t\t<div class=\"elementor-element elementor-element-7332d4c elementor-widget elementor-widget-heading\" data-id=\"7332d4c\" data-element_type=\"widget\" data-e-type=\"widget\" data-widget_type=\"heading.default\">\n\t\t\t\t<div class=\"elementor-widget-container\">\n\t\t\t\t\t<h3 class=\"elementor-heading-title elementor-size-default\"><a href=\"https:\/\/agarcia.inscastellbisbal.net\/2025\/03\/24\/creacio-dun-quiz-de-limpacte-ambiental-de-la-informatica\/\" target=\"_blank\">Creaci\u00f3 d'un Quiz de l\u2019impacte ambiental de la inform\u00e0tica <\/a><\/h3>\t\t\t\t<\/div>\n\t\t\t\t<\/div>\n\t\t\t\t\t<\/div>\n\t\t<\/div>\n\t\t\t\t\t<\/div>\n\t\t<\/section>\n\t\t\t\t<div class=\"elementor-element elementor-element-068409d elementor-widget-divider--view-line elementor-widget elementor-widget-divider\" data-id=\"068409d\" data-element_type=\"widget\" data-e-type=\"widget\" data-widget_type=\"divider.default\">\n\t\t\t\t<div class=\"elementor-widget-container\">\n\t\t\t\t\t\t\t<div class=\"elementor-divider\">\n\t\t\t<span class=\"elementor-divider-separator\">\n\t\t\t\t\t\t<\/span>\n\t\t<\/div>\n\t\t\t\t\t\t<\/div>\n\t\t\t\t<\/div>\n\t\t\t\t<div class=\"elementor-element elementor-element-e2c4096 elementor-widget elementor-widget-text-editor\" data-id=\"e2c4096\" data-element_type=\"widget\" data-e-type=\"widget\" data-widget_type=\"text-editor.default\">\n\t\t\t\t<div class=\"elementor-widget-container\">\n\t\t\t\t\t\t\t\t\t<p><em>Aquest enlla\u00e7 emporta al portafolis de l&#8217;Alberto Garc\u00eda<\/em><\/p>\t\t\t\t\t\t\t\t<\/div>\n\t\t\t\t<\/div>\n\t\t\t\t\t<\/div>\n\t\t<\/div>\n\t\t\t\t<div class=\"elementor-column elementor-col-50 elementor-inner-column elementor-element elementor-element-3c360f4 animated-fast elementor-invisible\" data-id=\"3c360f4\" data-element_type=\"column\" data-e-type=\"column\" data-settings=\"{&quot;animation&quot;:&quot;fadeInUp&quot;,&quot;background_background&quot;:&quot;classic&quot;}\">\n\t\t\t<div class=\"elementor-widget-wrap elementor-element-populated\">\n\t\t\t\t\t\t<section class=\"elementor-section elementor-inner-section elementor-element elementor-element-4bdff36 elementor-section-boxed elementor-section-height-default elementor-section-height-default wpr-particle-no wpr-jarallax-no wpr-parallax-no wpr-sticky-section-no wpr-equal-height-no\" data-id=\"4bdff36\" data-element_type=\"section\" data-e-type=\"section\">\n\t\t\t\t\t\t<div class=\"elementor-container elementor-column-gap-default\">\n\t\t\t\t\t<div class=\"elementor-column elementor-col-100 elementor-inner-column elementor-element elementor-element-d1b42f0\" data-id=\"d1b42f0\" data-element_type=\"column\" data-e-type=\"column\">\n\t\t\t<div class=\"elementor-widget-wrap elementor-element-populated\">\n\t\t\t\t\t\t<div class=\"elementor-element elementor-element-3498cb2 elementor-widget elementor-widget-heading\" data-id=\"3498cb2\" data-element_type=\"widget\" data-e-type=\"widget\" data-widget_type=\"heading.default\">\n\t\t\t\t<div class=\"elementor-widget-container\">\n\t\t\t\t\t<h3 class=\"elementor-heading-title elementor-size-default\"><a href=\"https:\/\/aborrego.inscastellbisbal.net\/en\/2025\/03\/24\/creacio-dun-punt-de-recollida-de-dispositius-electronics-en-desus\/\" target=\"_blank\">Creaci\u00f3 d'un punt de recollida de dispositius electr\u00f2nics en des\u00fas <\/a><\/h3>\t\t\t\t<\/div>\n\t\t\t\t<\/div>\n\t\t\t\t\t<\/div>\n\t\t<\/div>\n\t\t\t\t\t<\/div>\n\t\t<\/section>\n\t\t\t\t<div class=\"elementor-element elementor-element-e8836ac elementor-widget-divider--view-line elementor-widget elementor-widget-divider\" data-id=\"e8836ac\" data-element_type=\"widget\" data-e-type=\"widget\" data-widget_type=\"divider.default\">\n\t\t\t\t<div class=\"elementor-widget-container\">\n\t\t\t\t\t\t\t<div class=\"elementor-divider\">\n\t\t\t<span class=\"elementor-divider-separator\">\n\t\t\t\t\t\t<\/span>\n\t\t<\/div>\n\t\t\t\t\t\t<\/div>\n\t\t\t\t<\/div>\n\t\t\t\t\t<\/div>\n\t\t<\/div>\n\t\t\t\t\t<\/div>\n\t\t<\/section>\n\t\t\t\t<section class=\"elementor-section elementor-inner-section elementor-element elementor-element-8d44c70 elementor-section-full_width elementor-section-content-top elementor-section-height-default elementor-section-height-default wpr-particle-no wpr-jarallax-no wpr-parallax-no wpr-sticky-section-no wpr-equal-height-no\" data-id=\"8d44c70\" data-element_type=\"section\" data-e-type=\"section\">\n\t\t\t\t\t\t<div class=\"elementor-container elementor-column-gap-no\">\n\t\t\t\t\t<div class=\"elementor-column elementor-col-50 elementor-inner-column elementor-element elementor-element-6b3cec3 animated-fast elementor-invisible\" data-id=\"6b3cec3\" data-element_type=\"column\" data-e-type=\"column\" data-settings=\"{&quot;animation&quot;:&quot;fadeInUp&quot;,&quot;background_background&quot;:&quot;classic&quot;}\">\n\t\t\t<div class=\"elementor-widget-wrap elementor-element-populated\">\n\t\t\t\t\t\t<section class=\"elementor-section elementor-inner-section elementor-element elementor-element-8167307 elementor-section-boxed elementor-section-height-default elementor-section-height-default wpr-particle-no wpr-jarallax-no wpr-parallax-no wpr-sticky-section-no wpr-equal-height-no\" data-id=\"8167307\" data-element_type=\"section\" data-e-type=\"section\">\n\t\t\t\t\t\t<div class=\"elementor-container elementor-column-gap-default\">\n\t\t\t\t\t<div class=\"elementor-column elementor-col-100 elementor-inner-column elementor-element elementor-element-f9ae3f9\" data-id=\"f9ae3f9\" data-element_type=\"column\" data-e-type=\"column\">\n\t\t\t<div class=\"elementor-widget-wrap elementor-element-populated\">\n\t\t\t\t\t\t<div class=\"elementor-element elementor-element-3bdebe0 elementor-widget elementor-widget-heading\" data-id=\"3bdebe0\" data-element_type=\"widget\" data-e-type=\"widget\" data-widget_type=\"heading.default\">\n\t\t\t\t<div class=\"elementor-widget-container\">\n\t\t\t\t\t<h3 class=\"elementor-heading-title elementor-size-default\"><a href=\"https:\/\/aborrego.inscastellbisbal.net\/en\/2025\/03\/19\/presentacio-de-solucions-software-sostenibles\/\">Presentaci\u00f3 de solucions software sostenibles <\/a><\/h3>\t\t\t\t<\/div>\n\t\t\t\t<\/div>\n\t\t\t\t\t<\/div>\n\t\t<\/div>\n\t\t\t\t\t<\/div>\n\t\t<\/section>\n\t\t\t\t<div class=\"elementor-element elementor-element-ef467dc elementor-widget-divider--view-line elementor-widget elementor-widget-divider\" data-id=\"ef467dc\" data-element_type=\"widget\" data-e-type=\"widget\" data-widget_type=\"divider.default\">\n\t\t\t\t<div class=\"elementor-widget-container\">\n\t\t\t\t\t\t\t<div class=\"elementor-divider\">\n\t\t\t<span class=\"elementor-divider-separator\">\n\t\t\t\t\t\t<\/span>\n\t\t<\/div>\n\t\t\t\t\t\t<\/div>\n\t\t\t\t<\/div>\n\t\t\t\t\t<\/div>\n\t\t<\/div>\n\t\t\t\t<div class=\"elementor-column elementor-col-50 elementor-inner-column elementor-element elementor-element-ad1cd12 animated-fast elementor-invisible\" data-id=\"ad1cd12\" data-element_type=\"column\" data-e-type=\"column\" data-settings=\"{&quot;animation&quot;:&quot;fadeInUp&quot;,&quot;background_background&quot;:&quot;classic&quot;}\">\n\t\t\t<div class=\"elementor-widget-wrap elementor-element-populated\">\n\t\t\t\t\t\t<section class=\"elementor-section elementor-inner-section elementor-element elementor-element-9df83cb elementor-section-boxed elementor-section-height-default elementor-section-height-default wpr-particle-no wpr-jarallax-no wpr-parallax-no wpr-sticky-section-no wpr-equal-height-no\" data-id=\"9df83cb\" data-element_type=\"section\" data-e-type=\"section\">\n\t\t\t\t\t\t<div class=\"elementor-container elementor-column-gap-default\">\n\t\t\t\t\t<div class=\"elementor-column elementor-col-100 elementor-inner-column elementor-element elementor-element-9f5a3f1\" data-id=\"9f5a3f1\" data-element_type=\"column\" data-e-type=\"column\">\n\t\t\t<div class=\"elementor-widget-wrap elementor-element-populated\">\n\t\t\t\t\t\t<div class=\"elementor-element elementor-element-675b91c elementor-widget elementor-widget-heading\" data-id=\"675b91c\" data-element_type=\"widget\" data-e-type=\"widget\" data-widget_type=\"heading.default\">\n\t\t\t\t<div class=\"elementor-widget-container\">\n\t\t\t\t\t<h3 class=\"elementor-heading-title elementor-size-default\">Hackathon EcoTech <\/h3>\t\t\t\t<\/div>\n\t\t\t\t<\/div>\n\t\t\t\t\t<\/div>\n\t\t<\/div>\n\t\t\t\t\t<\/div>\n\t\t<\/section>\n\t\t\t\t<div class=\"elementor-element elementor-element-4da789c elementor-widget-divider--view-line elementor-widget elementor-widget-divider\" data-id=\"4da789c\" data-element_type=\"widget\" data-e-type=\"widget\" data-widget_type=\"divider.default\">\n\t\t\t\t<div class=\"elementor-widget-container\">\n\t\t\t\t\t\t\t<div class=\"elementor-divider\">\n\t\t\t<span class=\"elementor-divider-separator\">\n\t\t\t\t\t\t<\/span>\n\t\t<\/div>\n\t\t\t\t\t\t<\/div>\n\t\t\t\t<\/div>\n\t\t\t\t\t<\/div>\n\t\t<\/div>\n\t\t\t\t\t<\/div>\n\t\t<\/section>\n\t\t\t\t\t<\/div>\n\t\t<\/div>\n\t\t\t\t\t<\/div>\n\t\t<\/section>\n\t\t<div class=\"elementor-element elementor-element-aa0aba2 e-flex e-con-boxed wpr-particle-no wpr-jarallax-no wpr-parallax-no wpr-sticky-section-no wpr-equal-height-no e-con e-parent\" data-id=\"aa0aba2\" data-element_type=\"container\" data-e-type=\"container\">\n\t\t\t\t\t<div class=\"e-con-inner\">\n\t\t\t\t<div class=\"elementor-element elementor-element-fc2a53f elementor-widget elementor-widget-spacer\" data-id=\"fc2a53f\" data-element_type=\"widget\" data-e-type=\"widget\" data-widget_type=\"spacer.default\">\n\t\t\t\t<div class=\"elementor-widget-container\">\n\t\t\t\t\t\t\t<div class=\"elementor-spacer\">\n\t\t\t<div class=\"elementor-spacer-inner\"><\/div>\n\t\t<\/div>\n\t\t\t\t\t\t<\/div>\n\t\t\t\t<\/div>\n\t\t\t\t\t<\/div>\n\t\t\t\t<\/div>\n\t\t\t\t<\/div>","protected":false},"excerpt":{"rendered":"<p>L&#8217;ecocarpa Tornar al repte 1.6 Creaci\u00f3 d&#8217;un Quiz de l\u2019impacte ambiental de la inform\u00e0tica Aquest enlla\u00e7 emporta al portafolis de l&#8217;Alberto Garc\u00eda Creaci\u00f3 d&#8217;un punt de recollida de dispositius electr\u00f2nics en des\u00fas Presentaci\u00f3 de solucions software sostenibles Hackathon EcoTech<\/p>","protected":false},"author":1,"featured_media":0,"parent":0,"menu_order":0,"comment_status":"closed","ping_status":"closed","template":"","meta":{"footnotes":""},"class_list":["post-6141","page","type-page","status-publish"],"yoast_head":"<!-- This site is optimized with the Yoast SEO plugin v27.4 - https:\/\/yoast.com\/product\/yoast-seo-wordpress\/ -->\n<title>L&#039;Ecocarpa - Ana Borrego Toledo<\/title>\n<meta name=\"robots\" content=\"noindex, follow, max-snippet:-1, max-image-preview:large, max-video-preview:-1\" \/>\n<meta property=\"og:locale\" content=\"en_US\" \/>\n<meta property=\"og:type\" content=\"article\" \/>\n<meta property=\"og:title\" content=\"L&#039;Ecocarpa - Ana Borrego Toledo\" \/>\n<meta property=\"og:description\" content=\"L&#8217;ecocarpa Tornar al repte 1.6 Creaci\u00f3 d&#8217;un Quiz de l\u2019impacte ambiental de la inform\u00e0tica Aquest enlla\u00e7 emporta al portafolis de l&#8217;Alberto Garc\u00eda Creaci\u00f3 d&#8217;un punt de recollida de dispositius electr\u00f2nics en des\u00fas Presentaci\u00f3 de solucions software sostenibles Hackathon EcoTech\" \/>\n<meta property=\"og:url\" content=\"https:\/\/aborrego.inscastellbisbal.net\/en\/lecocarpa\/\" \/>\n<meta property=\"og:site_name\" content=\"Ana Borrego Toledo\" \/>\n<meta property=\"article:modified_time\" content=\"2025-04-09T11:18:55+00:00\" \/>\n<meta name=\"twitter:card\" content=\"summary_large_image\" \/>\n<meta name=\"twitter:label1\" content=\"Est. reading time\" \/>\n\t<meta name=\"twitter:data1\" content=\"1 minute\" \/>\n<script type=\"application\/ld+json\" class=\"yoast-schema-graph\">{\"@context\":\"https:\\\/\\\/schema.org\",\"@graph\":[{\"@type\":\"WebPage\",\"@id\":\"https:\\\/\\\/aborrego.inscastellbisbal.net\\\/lecocarpa\\\/\",\"url\":\"https:\\\/\\\/aborrego.inscastellbisbal.net\\\/lecocarpa\\\/\",\"name\":\"L'Ecocarpa - Ana Borrego Toledo\",\"isPartOf\":{\"@id\":\"https:\\\/\\\/aborrego.inscastellbisbal.net\\\/#website\"},\"datePublished\":\"2025-03-19T07:46:22+00:00\",\"dateModified\":\"2025-04-09T11:18:55+00:00\",\"breadcrumb\":{\"@id\":\"https:\\\/\\\/aborrego.inscastellbisbal.net\\\/lecocarpa\\\/#breadcrumb\"},\"inLanguage\":\"en-US\",\"potentialAction\":[{\"@type\":\"ReadAction\",\"target\":[\"https:\\\/\\\/aborrego.inscastellbisbal.net\\\/lecocarpa\\\/\"]}]},{\"@type\":\"BreadcrumbList\",\"@id\":\"https:\\\/\\\/aborrego.inscastellbisbal.net\\\/lecocarpa\\\/#breadcrumb\",\"itemListElement\":[{\"@type\":\"ListItem\",\"position\":1,\"name\":\"Home\",\"item\":\"https:\\\/\\\/aborrego.inscastellbisbal.net\\\/\"},{\"@type\":\"ListItem\",\"position\":2,\"name\":\"L&#8217;Ecocarpa\"}]},{\"@type\":\"WebSite\",\"@id\":\"https:\\\/\\\/aborrego.inscastellbisbal.net\\\/#website\",\"url\":\"https:\\\/\\\/aborrego.inscastellbisbal.net\\\/\",\"name\":\"Ana Borrego Toledo\",\"description\":\"\",\"publisher\":{\"@id\":\"https:\\\/\\\/aborrego.inscastellbisbal.net\\\/#organization\"},\"potentialAction\":[{\"@type\":\"SearchAction\",\"target\":{\"@type\":\"EntryPoint\",\"urlTemplate\":\"https:\\\/\\\/aborrego.inscastellbisbal.net\\\/?s={search_term_string}\"},\"query-input\":{\"@type\":\"PropertyValueSpecification\",\"valueRequired\":true,\"valueName\":\"search_term_string\"}}],\"inLanguage\":\"en-US\"},{\"@type\":\"Organization\",\"@id\":\"https:\\\/\\\/aborrego.inscastellbisbal.net\\\/#organization\",\"name\":\"Ana Borrego Toledo\",\"url\":\"https:\\\/\\\/aborrego.inscastellbisbal.net\\\/\",\"logo\":{\"@type\":\"ImageObject\",\"inLanguage\":\"en-US\",\"@id\":\"https:\\\/\\\/aborrego.inscastellbisbal.net\\\/#\\\/schema\\\/logo\\\/image\\\/\",\"url\":\"https:\\\/\\\/aborrego.inscastellbisbal.net\\\/wp-content\\\/uploads\\\/2025\\\/03\\\/cropped-Selection_255.png\",\"contentUrl\":\"https:\\\/\\\/aborrego.inscastellbisbal.net\\\/wp-content\\\/uploads\\\/2025\\\/03\\\/cropped-Selection_255.png\",\"width\":549,\"height\":328,\"caption\":\"Ana Borrego Toledo\"},\"image\":{\"@id\":\"https:\\\/\\\/aborrego.inscastellbisbal.net\\\/#\\\/schema\\\/logo\\\/image\\\/\"}}]}<\/script>\n<!-- \/ Yoast SEO plugin. -->","yoast_head_json":{"title":"L'Ecocarpa - Ana Borrego Toledo","robots":{"index":"noindex","follow":"follow","max-snippet":"max-snippet:-1","max-image-preview":"max-image-preview:large","max-video-preview":"max-video-preview:-1"},"og_locale":"en_US","og_type":"article","og_title":"L'Ecocarpa - Ana Borrego Toledo","og_description":"L&#8217;ecocarpa Tornar al repte 1.6 Creaci\u00f3 d&#8217;un Quiz de l\u2019impacte ambiental de la inform\u00e0tica Aquest enlla\u00e7 emporta al portafolis de l&#8217;Alberto Garc\u00eda Creaci\u00f3 d&#8217;un punt de recollida de dispositius electr\u00f2nics en des\u00fas Presentaci\u00f3 de solucions software sostenibles Hackathon EcoTech","og_url":"https:\/\/aborrego.inscastellbisbal.net\/en\/lecocarpa\/","og_site_name":"Ana Borrego Toledo","article_modified_time":"2025-04-09T11:18:55+00:00","twitter_card":"summary_large_image","twitter_misc":{"Est. reading time":"1 minute"},"schema":{"@context":"https:\/\/schema.org","@graph":[{"@type":"WebPage","@id":"https:\/\/aborrego.inscastellbisbal.net\/lecocarpa\/","url":"https:\/\/aborrego.inscastellbisbal.net\/lecocarpa\/","name":"L'Ecocarpa - Ana Borrego Toledo","isPartOf":{"@id":"https:\/\/aborrego.inscastellbisbal.net\/#website"},"datePublished":"2025-03-19T07:46:22+00:00","dateModified":"2025-04-09T11:18:55+00:00","breadcrumb":{"@id":"https:\/\/aborrego.inscastellbisbal.net\/lecocarpa\/#breadcrumb"},"inLanguage":"en-US","potentialAction":[{"@type":"ReadAction","target":["https:\/\/aborrego.inscastellbisbal.net\/lecocarpa\/"]}]},{"@type":"BreadcrumbList","@id":"https:\/\/aborrego.inscastellbisbal.net\/lecocarpa\/#breadcrumb","itemListElement":[{"@type":"ListItem","position":1,"name":"Home","item":"https:\/\/aborrego.inscastellbisbal.net\/"},{"@type":"ListItem","position":2,"name":"L&#8217;Ecocarpa"}]},{"@type":"WebSite","@id":"https:\/\/aborrego.inscastellbisbal.net\/#website","url":"https:\/\/aborrego.inscastellbisbal.net\/","name":"Ana Borrego Toledo","description":"","publisher":{"@id":"https:\/\/aborrego.inscastellbisbal.net\/#organization"},"potentialAction":[{"@type":"SearchAction","target":{"@type":"EntryPoint","urlTemplate":"https:\/\/aborrego.inscastellbisbal.net\/?s={search_term_string}"},"query-input":{"@type":"PropertyValueSpecification","valueRequired":true,"valueName":"search_term_string"}}],"inLanguage":"en-US"},{"@type":"Organization","@id":"https:\/\/aborrego.inscastellbisbal.net\/#organization","name":"Ana Borrego Toledo","url":"https:\/\/aborrego.inscastellbisbal.net\/","logo":{"@type":"ImageObject","inLanguage":"en-US","@id":"https:\/\/aborrego.inscastellbisbal.net\/#\/schema\/logo\/image\/","url":"https:\/\/aborrego.inscastellbisbal.net\/wp-content\/uploads\/2025\/03\/cropped-Selection_255.png","contentUrl":"https:\/\/aborrego.inscastellbisbal.net\/wp-content\/uploads\/2025\/03\/cropped-Selection_255.png","width":549,"height":328,"caption":"Ana Borrego Toledo"},"image":{"@id":"https:\/\/aborrego.inscastellbisbal.net\/#\/schema\/logo\/image\/"}}]}},"_links":{"self":[{"href":"https:\/\/aborrego.inscastellbisbal.net\/en\/wp-json\/wp\/v2\/pages\/6141","targetHints":{"allow":["GET"]}}],"collection":[{"href":"https:\/\/aborrego.inscastellbisbal.net\/en\/wp-json\/wp\/v2\/pages"}],"about":[{"href":"https:\/\/aborrego.inscastellbisbal.net\/en\/wp-json\/wp\/v2\/types\/page"}],"author":[{"embeddable":true,"href":"https:\/\/aborrego.inscastellbisbal.net\/en\/wp-json\/wp\/v2\/users\/1"}],"replies":[{"embeddable":true,"href":"https:\/\/aborrego.inscastellbisbal.net\/en\/wp-json\/wp\/v2\/comments?post=6141"}],"version-history":[{"count":16,"href":"https:\/\/aborrego.inscastellbisbal.net\/en\/wp-json\/wp\/v2\/pages\/6141\/revisions"}],"predecessor-version":[{"id":7049,"href":"https:\/\/aborrego.inscastellbisbal.net\/en\/wp-json\/wp\/v2\/pages\/6141\/revisions\/7049"}],"wp:attachment":[{"href":"https:\/\/aborrego.inscastellbisbal.net\/en\/wp-json\/wp\/v2\/media?parent=6141"}],"curies":[{"name":"wp","href":"https:\/\/api.w.org\/{rel}","templated":true}]}}