{"id":299,"date":"2024-09-24T08:28:57","date_gmt":"2024-09-24T08:28:57","guid":{"rendered":"https:\/\/aborrego.inscastellbisbal.net\/?page_id=299"},"modified":"2025-02-17T09:45:04","modified_gmt":"2025-02-17T09:45:04","slug":"politica-de-privacitat","status":"publish","type":"page","link":"https:\/\/aborrego.inscastellbisbal.net\/en\/politica-de-privacitat\/","title":{"rendered":"Pol\u00edtica de privacitat"},"content":{"rendered":"<div data-elementor-type=\"wp-page\" data-elementor-id=\"299\" class=\"elementor elementor-299\">\n\t\t\t\t\t\t<section class=\"elementor-section elementor-top-section elementor-element elementor-element-19ec716 elementor-section-height-min-height elementor-section-items-top elementor-section-boxed elementor-section-height-default wpr-particle-no wpr-jarallax-no wpr-parallax-no wpr-sticky-section-no wpr-equal-height-no elementor-invisible\" data-id=\"19ec716\" data-element_type=\"section\" data-e-type=\"section\" data-settings=\"{&quot;background_background&quot;:&quot;classic&quot;,&quot;animation&quot;:&quot;fadeIn&quot;,&quot;shape_divider_top&quot;:&quot;waves&quot;,&quot;shape_divider_top_negative&quot;:&quot;yes&quot;}\">\n\t\t\t\t\t<div class=\"elementor-shape elementor-shape-top\" aria-hidden=\"true\" data-negative=\"true\">\n\t\t\t<svg xmlns=\"http:\/\/www.w3.org\/2000\/svg\" viewbox=\"0 0 1000 100\" preserveaspectratio=\"none\">\n\t<path class=\"elementor-shape-fill\" d=\"M790.5,93.1c-59.3-5.3-116.8-18-192.6-50c-29.6-12.7-76.9-31-100.5-35.9c-23.6-4.9-52.6-7.8-75.5-5.3\tc-10.2,1.1-22.6,1.4-50.1,7.4c-27.2,6.3-58.2,16.6-79.4,24.7c-41.3,15.9-94.9,21.9-134,22.6C72,58.2,0,25.8,0,25.8V100h1000V65.3\tc0,0-51.5,19.4-106.2,25.7C839.5,97,814.1,95.2,790.5,93.1z\"\/>\n<\/svg>\t\t<\/div>\n\t\t\t\t\t<div class=\"elementor-container elementor-column-gap-default\">\n\t\t\t\t\t<div class=\"elementor-column elementor-col-100 elementor-top-column elementor-element elementor-element-df1aaf0\" data-id=\"df1aaf0\" data-element_type=\"column\" data-e-type=\"column\">\n\t\t\t<div class=\"elementor-widget-wrap elementor-element-populated\">\n\t\t\t\t\t\t<div class=\"elementor-element elementor-element-f3155e2 elementor-widget__width-initial elementor-invisible elementor-widget elementor-widget-heading\" data-id=\"f3155e2\" data-element_type=\"widget\" data-e-type=\"widget\" data-settings=\"{&quot;_animation&quot;:&quot;fadeInUp&quot;,&quot;_animation_delay&quot;:500}\" data-widget_type=\"heading.default\">\n\t\t\t\t<div class=\"elementor-widget-container\">\n\t\t\t\t\t<h1 class=\"elementor-heading-title elementor-size-default\">Pol\u00edtica de privacitat<\/h1>\t\t\t\t<\/div>\n\t\t\t\t<\/div>\n\t\t\t\t<div class=\"elementor-element elementor-element-957fa99 elementor-widget__width-initial elementor-widget elementor-widget-spacer\" data-id=\"957fa99\" data-element_type=\"widget\" data-e-type=\"widget\" data-widget_type=\"spacer.default\">\n\t\t\t\t<div class=\"elementor-widget-container\">\n\t\t\t\t\t\t\t<div class=\"elementor-spacer\">\n\t\t\t<div class=\"elementor-spacer-inner\"><\/div>\n\t\t<\/div>\n\t\t\t\t\t\t<\/div>\n\t\t\t\t<\/div>\n\t\t\t\t\t<\/div>\n\t\t<\/div>\n\t\t\t\t\t<\/div>\n\t\t<\/section>\n\t\t<div class=\"elementor-element elementor-element-5b196782 e-flex e-con-boxed wpr-particle-no wpr-jarallax-no wpr-parallax-no wpr-sticky-section-no wpr-equal-height-no e-con e-parent\" data-id=\"5b196782\" data-element_type=\"container\" data-e-type=\"container\" data-settings=\"{&quot;shape_divider_top&quot;:&quot;mountains&quot;}\">\n\t\t\t\t\t<div class=\"e-con-inner\">\n\t\t\t\t<div class=\"elementor-shape elementor-shape-top\" aria-hidden=\"true\" data-negative=\"false\">\n\t\t\t<svg xmlns=\"http:\/\/www.w3.org\/2000\/svg\" viewbox=\"0 0 1000 100\" preserveaspectratio=\"none\">\n\t<path class=\"elementor-shape-fill\" opacity=\"0.33\" d=\"M473,67.3c-203.9,88.3-263.1-34-320.3,0C66,119.1,0,59.7,0,59.7V0h1000v59.7 c0,0-62.1,26.1-94.9,29.3c-32.8,3.3-62.8-12.3-75.8-22.1C806,49.6,745.3,8.7,694.9,4.7S492.4,59,473,67.3z\"\/>\n\t<path class=\"elementor-shape-fill\" opacity=\"0.66\" d=\"M734,67.3c-45.5,0-77.2-23.2-129.1-39.1c-28.6-8.7-150.3-10.1-254,39.1 s-91.7-34.4-149.2,0C115.7,118.3,0,39.8,0,39.8V0h1000v36.5c0,0-28.2-18.5-92.1-18.5C810.2,18.1,775.7,67.3,734,67.3z\"\/>\n\t<path class=\"elementor-shape-fill\" d=\"M766.1,28.9c-200-57.5-266,65.5-395.1,19.5C242,1.8,242,5.4,184.8,20.6C128,35.8,132.3,44.9,89.9,52.5C28.6,63.7,0,0,0,0 h1000c0,0-9.9,40.9-83.6,48.1S829.6,47,766.1,28.9z\"\/>\n<\/svg>\t\t<\/div>\n\t\t\t\t<div class=\"elementor-element elementor-element-166cf36 elementor-widget elementor-widget-spacer\" data-id=\"166cf36\" data-element_type=\"widget\" data-e-type=\"widget\" data-widget_type=\"spacer.default\">\n\t\t\t\t<div class=\"elementor-widget-container\">\n\t\t\t\t\t\t\t<div class=\"elementor-spacer\">\n\t\t\t<div class=\"elementor-spacer-inner\"><\/div>\n\t\t<\/div>\n\t\t\t\t\t\t<\/div>\n\t\t\t\t<\/div>\n\t\t\t\t<div class=\"elementor-element elementor-element-4b36448 elementor-widget elementor-widget-spacer\" data-id=\"4b36448\" data-element_type=\"widget\" data-e-type=\"widget\" data-widget_type=\"spacer.default\">\n\t\t\t\t<div class=\"elementor-widget-container\">\n\t\t\t\t\t\t\t<div class=\"elementor-spacer\">\n\t\t\t<div class=\"elementor-spacer-inner\"><\/div>\n\t\t<\/div>\n\t\t\t\t\t\t<\/div>\n\t\t\t\t<\/div>\n\t\t\t\t<div class=\"elementor-element elementor-element-3b39351d elementor-widget__width-initial elementor-widget elementor-widget-text-editor\" data-id=\"3b39351d\" data-element_type=\"widget\" data-e-type=\"widget\" data-widget_type=\"text-editor.default\">\n\t\t\t\t<div class=\"elementor-widget-container\">\n\t\t\t\t\t\t\t\t\t\n<h2 class=\"wp-block-heading\"><strong>Qui som<\/strong><\/h2>\n<h5><\/h5>\n<h5>La nostra adre\u00e7a web \u00e9s: https:\/\/aborrego.inscastellbisbal.net.<\/h5>\n<h5><\/h5>\n<h5><\/h5>\n<h2 class=\"wp-block-heading\"><strong>Galetes<\/strong><\/h2>\n<h5>Aquest lloc web utilitza cookies per optimitzar la navegaci\u00f3 i oferir una millor experi\u00e8ncia d&#8217;usuari.<\/h5>\n<h5><\/h5>\n<h5>Si deixeu un comentari al nostre lloc, podeu optar per desar el vostre nom, adre\u00e7a de correu electr\u00f2nic i lloc web a les galetes. Aquestes s\u00f3n per a la teva comoditat perqu\u00e8 no hagis d&#8217;omplir les teves dades de nou quan deixis un altre comentari. Aquestes galetes duraran un any.<\/h5>\n<h5><\/h5>\n<h5><\/h5>\n<h2 class=\"wp-block-heading\"><strong>Contingut incrustat d&#8217;altres llocs web<\/strong><\/h2>\n<h5><\/h5>\n<h5>Els articles d&#8217;aquest lloc poden incloure contingut incrustat (per exemple, v\u00eddeos, imatges, articles, etc.). El contingut incrustat d&#8217;altres llocs web es comporta exactament de la mateixa manera que si el visitant hagu\u00e9s visitat l&#8217;altre lloc web.<\/h5>\n<h5><\/h5>\n<h5>Aquests llocs web poden recopilar dades sobre tu, utilitzar galetes, incrustar un seguiment addicional de tercers i supervisar la teva interacci\u00f3 amb aquest contingut incrustat, incl\u00f2s el seguiment de la teva interacci\u00f3 amb el contingut incrustat si tens un compte i est\u00e0s connectat a aquest lloc web.<\/h5>\n<h5><\/h5>\n<h5>Si deixeu un comentari, el comentari i les seves metadades es conserven indefinidament. Aix\u00f2 \u00e9s perqu\u00e8 puguem recon\u00e8ixer i aprovar qualsevol comentari de seguiment autom\u00e0ticament en lloc de mantenir-los en una cua de moderaci\u00f3.<\/h5>\n<h5><\/h5>\n<h2><strong>Tipus de dades recollides <\/strong><\/h2>\n<h5>Aquest lloc web pot recopilar informaci\u00f3 personal com noms, adreces de correu electr\u00f2nic, adreces IP i dades d&#8217;\u00fas de navegaci\u00f3.<\/h5>\n<h5><\/h5>\n<h2><strong>Finalitat de les dades<\/strong><\/h2>\n<h5>Les dades es recullen amb finalitats acad\u00e8miques i per millorar l&#8217;experi\u00e8ncia d&#8217;usuari.<\/h5>\n<h5><\/h5>\n<h2><strong>Drets de l&#8217;usuari<\/strong><\/h2>\n<h5>Els usuaris poden accedir, rectificar o suprimir les seves dades en qualsevol moment mitjan\u00e7ant contacte directe amb el responsable.<\/h5>\n<h5><\/h5>\n\t\t\t\t\t\t\t\t<\/div>\n\t\t\t\t<\/div>\n\t\t\t\t<div class=\"elementor-element elementor-element-c7caeaa elementor-widget elementor-widget-spacer\" data-id=\"c7caeaa\" data-element_type=\"widget\" data-e-type=\"widget\" data-widget_type=\"spacer.default\">\n\t\t\t\t<div class=\"elementor-widget-container\">\n\t\t\t\t\t\t\t<div class=\"elementor-spacer\">\n\t\t\t<div class=\"elementor-spacer-inner\"><\/div>\n\t\t<\/div>\n\t\t\t\t\t\t<\/div>\n\t\t\t\t<\/div>\n\t\t\t\t\t<\/div>\n\t\t\t\t<\/div>\n\t\t\t\t<\/div>","protected":false},"excerpt":{"rendered":"<p>Pol\u00edtica de privacitat Qui som La nostra adre\u00e7a web \u00e9s: https:\/\/aborrego.inscastellbisbal.net. Galetes Aquest lloc web utilitza cookies per optimitzar la navegaci\u00f3 i oferir una millor experi\u00e8ncia d&#8217;usuari. Si deixeu un comentari al nostre lloc, podeu optar per desar el vostre nom, adre\u00e7a de correu electr\u00f2nic i lloc web a les galetes. Aquestes s\u00f3n per a la teva comoditat perqu\u00e8 no hagis d&#8217;omplir les teves dades de nou quan deixis un altre comentari. Aquestes galetes duraran un any. Contingut incrustat d&#8217;altres llocs web Els articles d&#8217;aquest lloc poden incloure contingut incrustat (per exemple, v\u00eddeos, imatges, articles, etc.). El contingut incrustat d&#8217;altres llocs web es comporta exactament de la mateixa manera que si el visitant hagu\u00e9s visitat l&#8217;altre lloc web. Aquests llocs web poden recopilar dades sobre tu, utilitzar galetes, incrustar un seguiment addicional de tercers i supervisar la teva interacci\u00f3 amb aquest contingut incrustat, incl\u00f2s el seguiment de la teva interacci\u00f3 amb el contingut incrustat si tens un compte i est\u00e0s connectat a aquest lloc web. Si deixeu un comentari, el comentari i les seves metadades es conserven indefinidament. Aix\u00f2 \u00e9s perqu\u00e8 puguem recon\u00e8ixer i aprovar qualsevol comentari de seguiment autom\u00e0ticament en lloc de mantenir-los en una cua de moderaci\u00f3. Tipus de dades recollides Aquest lloc web pot recopilar informaci\u00f3 personal com noms, adreces de correu electr\u00f2nic, adreces IP i dades d&#8217;\u00fas de navegaci\u00f3. Finalitat de les dades Les dades es recullen amb finalitats acad\u00e8miques i per millorar l&#8217;experi\u00e8ncia d&#8217;usuari. Drets de l&#8217;usuari Els usuaris poden accedir, rectificar o suprimir les seves dades en qualsevol moment mitjan\u00e7ant contacte directe amb el responsable.<\/p>","protected":false},"author":1,"featured_media":0,"parent":0,"menu_order":0,"comment_status":"closed","ping_status":"closed","template":"","meta":{"footnotes":""},"class_list":["post-299","page","type-page","status-publish"],"yoast_head":"<!-- This site is optimized with the Yoast SEO plugin v27.4 - https:\/\/yoast.com\/product\/yoast-seo-wordpress\/ -->\n<title>Pol\u00edtica de privacitat - Ana Borrego Toledo<\/title>\n<meta name=\"robots\" content=\"noindex, follow, max-snippet:-1, max-image-preview:large, max-video-preview:-1\" \/>\n<meta property=\"og:locale\" content=\"en_US\" \/>\n<meta property=\"og:type\" content=\"article\" \/>\n<meta property=\"og:title\" content=\"Pol\u00edtica de privacitat - Ana Borrego Toledo\" \/>\n<meta property=\"og:description\" content=\"Pol\u00edtica de privacitat Qui som La nostra adre\u00e7a web \u00e9s: https:\/\/aborrego.inscastellbisbal.net. Galetes Aquest lloc web utilitza cookies per optimitzar la navegaci\u00f3 i oferir una millor experi\u00e8ncia d&#8217;usuari. Si deixeu un comentari al nostre lloc, podeu optar per desar el vostre nom, adre\u00e7a de correu electr\u00f2nic i lloc web a les galetes. Aquestes s\u00f3n per a la teva comoditat perqu\u00e8 no hagis d&#8217;omplir les teves dades de nou quan deixis un altre comentari. Aquestes galetes duraran un any. Contingut incrustat d&#8217;altres llocs web Els articles d&#8217;aquest lloc poden incloure contingut incrustat (per exemple, v\u00eddeos, imatges, articles, etc.). El contingut incrustat d&#8217;altres llocs web es comporta exactament de la mateixa manera que si el visitant hagu\u00e9s visitat l&#8217;altre lloc web. Aquests llocs web poden recopilar dades sobre tu, utilitzar galetes, incrustar un seguiment addicional de tercers i supervisar la teva interacci\u00f3 amb aquest contingut incrustat, incl\u00f2s el seguiment de la teva interacci\u00f3 amb el contingut incrustat si tens un compte i est\u00e0s connectat a aquest lloc web. Si deixeu un comentari, el comentari i les seves metadades es conserven indefinidament. Aix\u00f2 \u00e9s perqu\u00e8 puguem recon\u00e8ixer i aprovar qualsevol comentari de seguiment autom\u00e0ticament en lloc de mantenir-los en una cua de moderaci\u00f3. Tipus de dades recollides Aquest lloc web pot recopilar informaci\u00f3 personal com noms, adreces de correu electr\u00f2nic, adreces IP i dades d&#8217;\u00fas de navegaci\u00f3. Finalitat de les dades Les dades es recullen amb finalitats acad\u00e8miques i per millorar l&#8217;experi\u00e8ncia d&#8217;usuari. Drets de l&#8217;usuari Els usuaris poden accedir, rectificar o suprimir les seves dades en qualsevol moment mitjan\u00e7ant contacte directe amb el responsable.\" \/>\n<meta property=\"og:url\" content=\"https:\/\/aborrego.inscastellbisbal.net\/en\/politica-de-privacitat\/\" \/>\n<meta property=\"og:site_name\" content=\"Ana Borrego Toledo\" \/>\n<meta property=\"article:modified_time\" content=\"2025-02-17T09:45:04+00:00\" \/>\n<meta name=\"twitter:card\" content=\"summary_large_image\" \/>\n<meta name=\"twitter:label1\" content=\"Est. reading time\" \/>\n\t<meta name=\"twitter:data1\" content=\"2 minutes\" \/>\n<script type=\"application\/ld+json\" class=\"yoast-schema-graph\">{\"@context\":\"https:\\\/\\\/schema.org\",\"@graph\":[{\"@type\":\"WebPage\",\"@id\":\"https:\\\/\\\/aborrego.inscastellbisbal.net\\\/politica-de-privacitat\\\/\",\"url\":\"https:\\\/\\\/aborrego.inscastellbisbal.net\\\/politica-de-privacitat\\\/\",\"name\":\"Pol\u00edtica de privacitat - Ana Borrego Toledo\",\"isPartOf\":{\"@id\":\"https:\\\/\\\/aborrego.inscastellbisbal.net\\\/#website\"},\"datePublished\":\"2024-09-24T08:28:57+00:00\",\"dateModified\":\"2025-02-17T09:45:04+00:00\",\"breadcrumb\":{\"@id\":\"https:\\\/\\\/aborrego.inscastellbisbal.net\\\/politica-de-privacitat\\\/#breadcrumb\"},\"inLanguage\":\"en-US\",\"potentialAction\":[{\"@type\":\"ReadAction\",\"target\":[\"https:\\\/\\\/aborrego.inscastellbisbal.net\\\/politica-de-privacitat\\\/\"]}]},{\"@type\":\"BreadcrumbList\",\"@id\":\"https:\\\/\\\/aborrego.inscastellbisbal.net\\\/politica-de-privacitat\\\/#breadcrumb\",\"itemListElement\":[{\"@type\":\"ListItem\",\"position\":1,\"name\":\"Home\",\"item\":\"https:\\\/\\\/aborrego.inscastellbisbal.net\\\/\"},{\"@type\":\"ListItem\",\"position\":2,\"name\":\"Pol\u00edtica de privacitat\"}]},{\"@type\":\"WebSite\",\"@id\":\"https:\\\/\\\/aborrego.inscastellbisbal.net\\\/#website\",\"url\":\"https:\\\/\\\/aborrego.inscastellbisbal.net\\\/\",\"name\":\"Ana Borrego Toledo\",\"description\":\"\",\"publisher\":{\"@id\":\"https:\\\/\\\/aborrego.inscastellbisbal.net\\\/#organization\"},\"potentialAction\":[{\"@type\":\"SearchAction\",\"target\":{\"@type\":\"EntryPoint\",\"urlTemplate\":\"https:\\\/\\\/aborrego.inscastellbisbal.net\\\/?s={search_term_string}\"},\"query-input\":{\"@type\":\"PropertyValueSpecification\",\"valueRequired\":true,\"valueName\":\"search_term_string\"}}],\"inLanguage\":\"en-US\"},{\"@type\":\"Organization\",\"@id\":\"https:\\\/\\\/aborrego.inscastellbisbal.net\\\/#organization\",\"name\":\"Ana Borrego Toledo\",\"url\":\"https:\\\/\\\/aborrego.inscastellbisbal.net\\\/\",\"logo\":{\"@type\":\"ImageObject\",\"inLanguage\":\"en-US\",\"@id\":\"https:\\\/\\\/aborrego.inscastellbisbal.net\\\/#\\\/schema\\\/logo\\\/image\\\/\",\"url\":\"https:\\\/\\\/aborrego.inscastellbisbal.net\\\/wp-content\\\/uploads\\\/2025\\\/03\\\/cropped-Selection_255.png\",\"contentUrl\":\"https:\\\/\\\/aborrego.inscastellbisbal.net\\\/wp-content\\\/uploads\\\/2025\\\/03\\\/cropped-Selection_255.png\",\"width\":549,\"height\":328,\"caption\":\"Ana Borrego Toledo\"},\"image\":{\"@id\":\"https:\\\/\\\/aborrego.inscastellbisbal.net\\\/#\\\/schema\\\/logo\\\/image\\\/\"}}]}<\/script>\n<!-- \/ Yoast SEO plugin. -->","yoast_head_json":{"title":"Pol\u00edtica de privacitat - Ana Borrego Toledo","robots":{"index":"noindex","follow":"follow","max-snippet":"max-snippet:-1","max-image-preview":"max-image-preview:large","max-video-preview":"max-video-preview:-1"},"og_locale":"en_US","og_type":"article","og_title":"Pol\u00edtica de privacitat - Ana Borrego Toledo","og_description":"Pol\u00edtica de privacitat Qui som La nostra adre\u00e7a web \u00e9s: https:\/\/aborrego.inscastellbisbal.net. Galetes Aquest lloc web utilitza cookies per optimitzar la navegaci\u00f3 i oferir una millor experi\u00e8ncia d&#8217;usuari. Si deixeu un comentari al nostre lloc, podeu optar per desar el vostre nom, adre\u00e7a de correu electr\u00f2nic i lloc web a les galetes. Aquestes s\u00f3n per a la teva comoditat perqu\u00e8 no hagis d&#8217;omplir les teves dades de nou quan deixis un altre comentari. Aquestes galetes duraran un any. Contingut incrustat d&#8217;altres llocs web Els articles d&#8217;aquest lloc poden incloure contingut incrustat (per exemple, v\u00eddeos, imatges, articles, etc.). El contingut incrustat d&#8217;altres llocs web es comporta exactament de la mateixa manera que si el visitant hagu\u00e9s visitat l&#8217;altre lloc web. Aquests llocs web poden recopilar dades sobre tu, utilitzar galetes, incrustar un seguiment addicional de tercers i supervisar la teva interacci\u00f3 amb aquest contingut incrustat, incl\u00f2s el seguiment de la teva interacci\u00f3 amb el contingut incrustat si tens un compte i est\u00e0s connectat a aquest lloc web. Si deixeu un comentari, el comentari i les seves metadades es conserven indefinidament. Aix\u00f2 \u00e9s perqu\u00e8 puguem recon\u00e8ixer i aprovar qualsevol comentari de seguiment autom\u00e0ticament en lloc de mantenir-los en una cua de moderaci\u00f3. Tipus de dades recollides Aquest lloc web pot recopilar informaci\u00f3 personal com noms, adreces de correu electr\u00f2nic, adreces IP i dades d&#8217;\u00fas de navegaci\u00f3. Finalitat de les dades Les dades es recullen amb finalitats acad\u00e8miques i per millorar l&#8217;experi\u00e8ncia d&#8217;usuari. Drets de l&#8217;usuari Els usuaris poden accedir, rectificar o suprimir les seves dades en qualsevol moment mitjan\u00e7ant contacte directe amb el responsable.","og_url":"https:\/\/aborrego.inscastellbisbal.net\/en\/politica-de-privacitat\/","og_site_name":"Ana Borrego Toledo","article_modified_time":"2025-02-17T09:45:04+00:00","twitter_card":"summary_large_image","twitter_misc":{"Est. reading time":"2 minutes"},"schema":{"@context":"https:\/\/schema.org","@graph":[{"@type":"WebPage","@id":"https:\/\/aborrego.inscastellbisbal.net\/politica-de-privacitat\/","url":"https:\/\/aborrego.inscastellbisbal.net\/politica-de-privacitat\/","name":"Pol\u00edtica de privacitat - Ana Borrego Toledo","isPartOf":{"@id":"https:\/\/aborrego.inscastellbisbal.net\/#website"},"datePublished":"2024-09-24T08:28:57+00:00","dateModified":"2025-02-17T09:45:04+00:00","breadcrumb":{"@id":"https:\/\/aborrego.inscastellbisbal.net\/politica-de-privacitat\/#breadcrumb"},"inLanguage":"en-US","potentialAction":[{"@type":"ReadAction","target":["https:\/\/aborrego.inscastellbisbal.net\/politica-de-privacitat\/"]}]},{"@type":"BreadcrumbList","@id":"https:\/\/aborrego.inscastellbisbal.net\/politica-de-privacitat\/#breadcrumb","itemListElement":[{"@type":"ListItem","position":1,"name":"Home","item":"https:\/\/aborrego.inscastellbisbal.net\/"},{"@type":"ListItem","position":2,"name":"Pol\u00edtica de privacitat"}]},{"@type":"WebSite","@id":"https:\/\/aborrego.inscastellbisbal.net\/#website","url":"https:\/\/aborrego.inscastellbisbal.net\/","name":"Ana Borrego Toledo","description":"","publisher":{"@id":"https:\/\/aborrego.inscastellbisbal.net\/#organization"},"potentialAction":[{"@type":"SearchAction","target":{"@type":"EntryPoint","urlTemplate":"https:\/\/aborrego.inscastellbisbal.net\/?s={search_term_string}"},"query-input":{"@type":"PropertyValueSpecification","valueRequired":true,"valueName":"search_term_string"}}],"inLanguage":"en-US"},{"@type":"Organization","@id":"https:\/\/aborrego.inscastellbisbal.net\/#organization","name":"Ana Borrego Toledo","url":"https:\/\/aborrego.inscastellbisbal.net\/","logo":{"@type":"ImageObject","inLanguage":"en-US","@id":"https:\/\/aborrego.inscastellbisbal.net\/#\/schema\/logo\/image\/","url":"https:\/\/aborrego.inscastellbisbal.net\/wp-content\/uploads\/2025\/03\/cropped-Selection_255.png","contentUrl":"https:\/\/aborrego.inscastellbisbal.net\/wp-content\/uploads\/2025\/03\/cropped-Selection_255.png","width":549,"height":328,"caption":"Ana Borrego Toledo"},"image":{"@id":"https:\/\/aborrego.inscastellbisbal.net\/#\/schema\/logo\/image\/"}}]}},"_links":{"self":[{"href":"https:\/\/aborrego.inscastellbisbal.net\/en\/wp-json\/wp\/v2\/pages\/299","targetHints":{"allow":["GET"]}}],"collection":[{"href":"https:\/\/aborrego.inscastellbisbal.net\/en\/wp-json\/wp\/v2\/pages"}],"about":[{"href":"https:\/\/aborrego.inscastellbisbal.net\/en\/wp-json\/wp\/v2\/types\/page"}],"author":[{"embeddable":true,"href":"https:\/\/aborrego.inscastellbisbal.net\/en\/wp-json\/wp\/v2\/users\/1"}],"replies":[{"embeddable":true,"href":"https:\/\/aborrego.inscastellbisbal.net\/en\/wp-json\/wp\/v2\/comments?post=299"}],"version-history":[{"count":40,"href":"https:\/\/aborrego.inscastellbisbal.net\/en\/wp-json\/wp\/v2\/pages\/299\/revisions"}],"predecessor-version":[{"id":5405,"href":"https:\/\/aborrego.inscastellbisbal.net\/en\/wp-json\/wp\/v2\/pages\/299\/revisions\/5405"}],"wp:attachment":[{"href":"https:\/\/aborrego.inscastellbisbal.net\/en\/wp-json\/wp\/v2\/media?parent=299"}],"curies":[{"name":"wp","href":"https:\/\/api.w.org\/{rel}","templated":true}]}}