{"id":2642,"date":"2024-11-15T10:36:09","date_gmt":"2024-11-15T10:36:09","guid":{"rendered":"https:\/\/aborrego.inscastellbisbal.net\/?page_id=2642"},"modified":"2025-04-10T09:51:44","modified_gmt":"2025-04-10T09:51:44","slug":"procediment-de-creacio-duna-imatge-de-disc-per-clonar","status":"publish","type":"page","link":"https:\/\/aborrego.inscastellbisbal.net\/en\/procediment-de-creacio-duna-imatge-de-disc-per-clonar\/","title":{"rendered":"Procediment de creaci\u00f3 d&#8217;una imatge de disc per clonar\u200b"},"content":{"rendered":"<div data-elementor-type=\"wp-page\" data-elementor-id=\"2642\" class=\"elementor elementor-2642\">\n\t\t\t\t\t\t<section class=\"elementor-section elementor-top-section elementor-element elementor-element-ee5e558 elementor-section-height-min-height elementor-section-items-top elementor-section-boxed elementor-section-height-default wpr-particle-no wpr-jarallax-no wpr-parallax-no wpr-sticky-section-no wpr-equal-height-no elementor-invisible\" data-id=\"ee5e558\" data-element_type=\"section\" data-e-type=\"section\" data-settings=\"{&quot;background_background&quot;:&quot;classic&quot;,&quot;animation&quot;:&quot;fadeIn&quot;,&quot;shape_divider_top&quot;:&quot;waves&quot;,&quot;shape_divider_top_negative&quot;:&quot;yes&quot;}\">\n\t\t\t\t\t<div class=\"elementor-shape elementor-shape-top\" aria-hidden=\"true\" data-negative=\"true\">\n\t\t\t<svg xmlns=\"http:\/\/www.w3.org\/2000\/svg\" viewbox=\"0 0 1000 100\" preserveaspectratio=\"none\">\n\t<path class=\"elementor-shape-fill\" d=\"M790.5,93.1c-59.3-5.3-116.8-18-192.6-50c-29.6-12.7-76.9-31-100.5-35.9c-23.6-4.9-52.6-7.8-75.5-5.3\tc-10.2,1.1-22.6,1.4-50.1,7.4c-27.2,6.3-58.2,16.6-79.4,24.7c-41.3,15.9-94.9,21.9-134,22.6C72,58.2,0,25.8,0,25.8V100h1000V65.3\tc0,0-51.5,19.4-106.2,25.7C839.5,97,814.1,95.2,790.5,93.1z\"\/>\n<\/svg>\t\t<\/div>\n\t\t\t\t\t<div class=\"elementor-container elementor-column-gap-default\">\n\t\t\t\t\t<div class=\"elementor-column elementor-col-100 elementor-top-column elementor-element elementor-element-3a9133e\" data-id=\"3a9133e\" data-element_type=\"column\" data-e-type=\"column\">\n\t\t\t<div class=\"elementor-widget-wrap elementor-element-populated\">\n\t\t\t\t\t\t<div class=\"elementor-element elementor-element-80ea500 elementor-invisible elementor-widget elementor-widget-heading\" data-id=\"80ea500\" data-element_type=\"widget\" data-e-type=\"widget\" data-settings=\"{&quot;_animation&quot;:&quot;fadeInUp&quot;,&quot;_animation_delay&quot;:500}\" data-widget_type=\"heading.default\">\n\t\t\t\t<div class=\"elementor-widget-container\">\n\t\t\t\t\t<h1 class=\"elementor-heading-title elementor-size-default\">Procediment de creaci\u00f3 d'una imatge de disc per clonar<\/h1>\t\t\t\t<\/div>\n\t\t\t\t<\/div>\n\t\t\t\t\t<\/div>\n\t\t<\/div>\n\t\t\t\t\t<\/div>\n\t\t<\/section>\n\t\t<div class=\"elementor-element elementor-element-ed1ac2e e-flex e-con-boxed wpr-particle-no wpr-jarallax-no wpr-parallax-no wpr-sticky-section-no wpr-equal-height-no e-con e-parent\" data-id=\"ed1ac2e\" data-element_type=\"container\" data-e-type=\"container\">\n\t\t\t\t\t<div class=\"e-con-inner\">\n\t\t\t\t<div class=\"elementor-element elementor-element-6710e71 elementor-align-left elementor-widget elementor-widget-button\" data-id=\"6710e71\" data-element_type=\"widget\" data-e-type=\"widget\" data-widget_type=\"button.default\">\n\t\t\t\t<div class=\"elementor-widget-container\">\n\t\t\t\t\t\t\t\t\t<div class=\"elementor-button-wrapper\">\n\t\t\t\t\t<a class=\"elementor-button elementor-button-link elementor-size-sm elementor-animation-float\" href=\"https:\/\/aborrego.inscastellbisbal.net\/en\/repte-2\/\">\n\t\t\t\t\t\t<span class=\"elementor-button-content-wrapper\">\n\t\t\t\t\t\t\t\t\t<span class=\"elementor-button-text\">Tornar al repte 2<\/span>\n\t\t\t\t\t<\/span>\n\t\t\t\t\t<\/a>\n\t\t\t\t<\/div>\n\t\t\t\t\t\t\t\t<\/div>\n\t\t\t\t<\/div>\n\t\t\t\t<div class=\"elementor-element elementor-element-f31e24d elementor-align-left elementor-widget elementor-widget-button\" data-id=\"f31e24d\" data-element_type=\"widget\" data-e-type=\"widget\" data-widget_type=\"button.default\">\n\t\t\t\t<div class=\"elementor-widget-container\">\n\t\t\t\t\t\t\t\t\t<div class=\"elementor-button-wrapper\">\n\t\t\t\t\t<a class=\"elementor-button elementor-button-link elementor-size-sm elementor-animation-float\" href=\"https:\/\/aborrego.inscastellbisbal.net\/en\/sistema-de-projeccio\/\">\n\t\t\t\t\t\t<span class=\"elementor-button-content-wrapper\">\n\t\t\t\t\t\t\t\t\t<span class=\"elementor-button-text\">Tornar a  Sistema de projecci\u00f3<\/span>\n\t\t\t\t\t<\/span>\n\t\t\t\t\t<\/a>\n\t\t\t\t<\/div>\n\t\t\t\t\t\t\t\t<\/div>\n\t\t\t\t<\/div>\n\t\t\t\t\t<\/div>\n\t\t\t\t<\/div>\n\t\t<div class=\"elementor-element elementor-element-6e432558 e-flex e-con-boxed wpr-particle-no wpr-jarallax-no wpr-parallax-no wpr-sticky-section-no wpr-equal-height-no e-con e-parent\" data-id=\"6e432558\" data-element_type=\"container\" data-e-type=\"container\">\n\t\t\t\t\t<div class=\"e-con-inner\">\n\t\t\t\t<div class=\"elementor-element elementor-element-64d08d02 elementor-widget elementor-widget-text-editor\" data-id=\"64d08d02\" data-element_type=\"widget\" data-e-type=\"widget\" data-widget_type=\"text-editor.default\">\n\t\t\t\t<div class=\"elementor-widget-container\">\n\t\t\t\t\t\t\t\t\t\n<p>Tenim 2 mem\u00f2ries USB, una amb el Clonezilla instal\u00b7lat i una altra de 32GB buida.<\/p>\n\n\n\n<ul class=\"wp-block-list\">\n<li>Introdu\u00efm el CD o USB amb la imatge instal\u00b7lada de Clonezilla i arrenquem l&#8217;ordinador amb ella.<\/li>\n<\/ul>\n\n\n\n<figure class=\"wp-block-image is-resized\"><img decoding=\"async\" src=\"https:\/\/lh7-rt.googleusercontent.com\/docsz\/AD_4nXcGwESzQuQIFDDFTps2IXBNP_RuB_gZLz0JBXq_3B93_AHQdBMqCZqMuXbRXnnpZ6-L14G-ugcjU172EsqtvewbO-NBJ8Y3AL4Wjm6QT9cw7Bxgrq77HkI21Y2_yE4NBUvRNtYY?key=K-LUUHgkoUPMUZMu9Y2beKRs\" alt=\"\" style=\"width:744px;height:auto\"\/><\/figure>\n\n\n\n<ul class=\"wp-block-list\">\n<li>Triem <strong><em>Other modes of Clonezilla live<\/em><\/strong> i despr\u00e9s triem <strong><em>Clonezilla live (KM &amp; To RAM).<\/em><\/strong><\/li>\n\n\n\n<li>Tria l&#8217;idioma: per defecte <strong><em>en_US.UTF-8 English.<\/em><\/strong><\/li>\n\n\n\n<li>Selecciona l&#8217;opci\u00f3 &#8220;<strong><em>device-image<\/em><\/strong>&#8221; per a crear una imatge.<\/li>\n\n\n\n<li><strong><em>Keep Keep the default keyboard layout &#8211; US Keyboard<\/em><\/strong>. Premem en <strong>OK<\/strong> i Star Clonezilla. <strong>OK<\/strong><\/li>\n\n\n\n<li>com crearem una imatge del disc dur i triem <strong><em>device-image<\/em><\/strong><strong>. OK.<\/strong><\/li>\n\n\n\n<li>i despr\u00e9s ho guardarem en un USB que tenim connectat, triem <strong><em>local_dev<\/em><\/strong><strong>. OK<\/strong>. Despr\u00e9s premem <strong>ENTER<\/strong>.<\/li>\n<\/ul>\n\n\n\n<figure class=\"wp-block-image is-resized\"><img decoding=\"async\" src=\"https:\/\/lh7-rt.googleusercontent.com\/docsz\/AD_4nXfdX8n33geAsnCHPe3x7YXHy_3MA4YK6zvNkIXBpE_0MwBUIb4FHwUT5xZptdwr8I8V6zkDDh2Kp-zl39-UqhG23ERPQWmG38Zep-Xi7KvAWOP3e0BHvI4U8UrnXF8hj41iM7-9Iw?key=K-LUUHgkoUPMUZMu9Y2beKRs\" alt=\"\" style=\"width:673px;height:auto\"\/><\/figure>\n\n\n\n<ul class=\"wp-block-list\">\n<li>Ens indicar\u00e0 les unitats que ha trobat el programa. Premem <strong>CTRL + C<\/strong> per a continuar.<\/li>\n\n\n\n<li>necessitem muntar la unitat USB i per aix\u00f2 marquem <strong><em>sda1<\/em><\/strong> i premem <strong>OK.<\/strong><\/li>\n<\/ul>\n\n\n\n<figure class=\"wp-block-image is-resized\"><img decoding=\"async\" src=\"https:\/\/lh7-rt.googleusercontent.com\/docsz\/AD_4nXf8DJxy8X99qz-k3YHPNMfa9-ybvBPG65Vh-IeZFXc6cWslSMT2uDKM19QSEeN9RXL6F9Hj8jA9oFzs-cQXYmZVAf1LXiRwZ1la-F5YWIyQfoS1X3cu_UrlGF4EL_SEDfJz8MDn?key=K-LUUHgkoUPMUZMu9Y2beKRs\" alt=\"\" style=\"width:684px;height:auto\"\/><\/figure>\n\n\n\n<ul class=\"wp-block-list\">\n<li>Seleccionem <strong><em>no-fsck<\/em><\/strong> perqu\u00e8 sabem que el disc dur on est\u00e0 el sistema operatiu no t\u00e9 problemes.<\/li>\n\n\n\n<li>si nom\u00e9s veiem <strong><em>&lt;ABORT> Exit_directory_browsing<\/em><\/strong><em> <\/em>\u00e9s perqu\u00e8 la unitat USB no t\u00e9 cap directori o arxiu en ella.<\/li>\n\n\n\n<li>Seleccionem <strong><em>Beginner<\/em><\/strong> (Principiant) perqu\u00e8 tot sigui m\u00e9s autom\u00e0tic. i despr\u00e9s a <strong>OK<\/strong>.<\/li>\n\n\n\n<li>Ara triarem que volem una c\u00f2pia de tot el disc dur seleccionant <strong><em>savedisk<\/em><\/strong>. i despr\u00e9s a <strong>OK<\/strong>.<\/li>\n<\/ul>\n\n\n\n<figure class=\"wp-block-image is-resized\"><img decoding=\"async\" src=\"https:\/\/lh7-rt.googleusercontent.com\/docsz\/AD_4nXcE__JdgNNlkma8Xnp-zy0DMk0BCHDyLo1uYgZpTn3f4YyKLFYjnM_m98SkHpXFetY4yVMGLoTHOjdOWZvxCdy-T88ek3FrtjjEJsx1qtRAb7QVop0S9gAiUHyvMSJPznJtHePk?key=K-LUUHgkoUPMUZMu9Y2beKRs\" alt=\"\" style=\"width:681px;height:auto\"\/><\/figure>\n\n\n\n<ul class=\"wp-block-list\">\n<li>Escrivim el nom que vulguem per a aquesta imatge del disc dur.<\/li>\n\n\n\n<li>Com nom\u00e9s tenim un unitat de disc, es marcar\u00e0 amb un * i premem en <strong>OK<\/strong>. Si hi hagu\u00e9s m\u00e9s podr\u00edem seleccionar la que volgu\u00e9ssim clonar.<\/li>\n<\/ul>\n\n\n\n<figure class=\"wp-block-image is-resized\"><img decoding=\"async\" src=\"https:\/\/lh7-rt.googleusercontent.com\/docsz\/AD_4nXf_IogMATYKVLkFw7heUNtu5lxCIypO9wafNcuE9P-gSolIHTH6r61Z-22n0Wjg13t1nXSiWm8e6cae57Gb1zBbG5-tBPUC05HRWQ5GUk6wdDCyUF17N884dTdXFb-gJFH35axF?key=K-LUUHgkoUPMUZMu9Y2beKRs\" alt=\"\" style=\"width:690px;height:auto\"\/><\/figure>\n\n\n\n<ul class=\"wp-block-list\">\n<li>Deixem l&#8217;opci\u00f3 <em>&#8211;<\/em><strong><em>zip<\/em><\/strong> per defecte. Premem en <strong>OK<\/strong>.<\/li>\n<\/ul>\n\n\n\n<figure class=\"wp-block-image is-resized\"><img decoding=\"async\" src=\"https:\/\/lh7-rt.googleusercontent.com\/docsz\/AD_4nXccHMJ2CW_CoJ8Q4To17v7v-CNV-3Cuy6wx_4j60Gr5vYmZMUR28W_VQ7KggA43H3ZbBD-lE3DEKvmlPqGgBO7wREx8zw11cSUk0ZLulT0WzXKR4MOqBlzcO_HAAPMvayo4S6FkQg?key=K-LUUHgkoUPMUZMu9Y2beKRs\" alt=\"\" style=\"width:698px;height:auto\"\/><\/figure>\n\n\n\n<ul class=\"wp-block-list\">\n<li>Com sabem que el nostre disc dur est\u00e0 b\u00e9, seleccionem <em>&#8211;<\/em><strong><em>sfsck<\/em><\/strong> i premem en <strong>OK<\/strong>.<\/li>\n<\/ul>\n\n\n\n<figure class=\"wp-block-image is-resized\"><img decoding=\"async\" src=\"https:\/\/lh7-rt.googleusercontent.com\/docsz\/AD_4nXeLuJgeJO2sJVdD-JsPGMQoidUin5BPAx3m0Zwh3ywtuxdBUqFTRbgLrIcYw28G7tl9e5CE_GN3iKGmj8Y7gl7R1hevIB21jMM8ekRq2SgyyXnQMUarn2stVp6DsKa23k22HCwbiQ?key=K-LUUHgkoUPMUZMu9Y2beKRs\" alt=\"\" style=\"width:704px;height:auto\"\/><\/figure>\n\n\n\n<ul class=\"wp-block-list\">\n<li>I marquem <strong><em>Yes, check the saved image<\/em><\/strong>. D&#8217;aquesta manera, una vegada acabi de realitzar el Cloni comprovar\u00e0 autom\u00e0ticament si est\u00e0 ben creada la imatge del disc dur. Premem en <strong>OK<\/strong>.<\/li>\n\n\n\n<li>No encriptarem nuetsra imatge de disc dur llavors seleccionem <strong><em>-senc<\/em><\/strong><strong> <\/strong>i <strong>OK<\/strong>.<\/li>\n<\/ul>\n\n\n\n<figure class=\"wp-block-image is-resized\"><img decoding=\"async\" src=\"https:\/\/lh7-rt.googleusercontent.com\/docsz\/AD_4nXdQiTdIlD1EzdunvujmFihskYC3rAgUEBAheUzvWYI8-oFnZ_5Q1FxjFHITAe3jZ2Vm7qnwJynZA1U5q77kXj0tZU0RPox25uogRB7_kVhuC7gonSTkFmsRIGQjVgD2Hw2ZW5p8?key=K-LUUHgkoUPMUZMu9Y2beKRs\" alt=\"\" style=\"width:707px;height:auto\"\/><\/figure>\n\n\n\n<ul class=\"wp-block-list\">\n<li>Ens pregunta qu\u00e8 fer quan acabi totes les operacions seleccionades.<\/li>\n\n\n\n<li><img decoding=\"async\" src=\"https:\/\/lh7-rt.googleusercontent.com\/docsz\/AD_4nXcZg2vBes0wX0naz_9ZZ2kKTWcTtAQ0dbUS1nNL69xUrdgAYRDT_tnnz9Uzolv7gdyj6kIyRa3FsEyT-UiPm6IhBULgLXuXeJsX8Kr4iQyCo5W864gF8r5WmN4drSxteVkFIUeNag?key=K-LUUHgkoUPMUZMu9Y2beKRs\" style=\"width: 689px;\"><\/li>\n\n\n\n<li>Comen\u00e7a l&#8217;operaci\u00f3 de clonat i despr\u00e9s d&#8217;una breu comprovaci\u00f3 ens pregunta si volem continuar. Escrivim I i premem <strong>ENTER<\/strong>.<\/li>\n\n\n\n<li>Ara nom\u00e9s hem d&#8217;esperar fins que finalize el clonat del disc dur a l&#8217;USB<\/li>\n<\/ul>\n\n\n\n<figure class=\"wp-block-image is-resized\"><img decoding=\"async\" src=\"https:\/\/lh7-rt.googleusercontent.com\/docsz\/AD_4nXeJNGrAwtzG2McuMJUhmgdE-acOHaHzPYkfKsdKa60dQhr867eL3kB13v-OXGnWRY33RLzwAHbKvkOjWDyeHoc_m2oO4qt5PkDJQFR6as27AtqM3V2Q-ssHSqN4iXrWG8DtSlj-Jw?key=K-LUUHgkoUPMUZMu9Y2beKRs\" alt=\"\" style=\"width:742px;height:auto\"\/><\/figure>\n\n\n\n<ul class=\"wp-block-list\">\n<li>Una vegada finalitzada la imatge, comen\u00e7ar\u00e0 la comprovaci\u00f3 que les operacions sol\u00b7licitades s&#8217;han realitzat correctament.<\/li>\n\n\n\n<li>I una vegada acabada la comprovaci\u00f3 premem en <strong>ENTER<\/strong>.<\/li>\n\n\n\n<li>i ara triem <strong><em>poweroff<\/em><\/strong> i pols en <strong>OK<\/strong> per a apagar l&#8217;ordinador i llevar el CD \/ USB on ten\u00edem instal\u00b7lat Clonezilla.<\/li>\n<\/ul>\n\t\t\t\t\t\t\t\t<\/div>\n\t\t\t\t<\/div>\n\t\t\t\t\t<\/div>\n\t\t\t\t<\/div>\n\t\t\t\t<\/div>","protected":false},"excerpt":{"rendered":"<p>Procediment de creaci\u00f3 d&#8217;una imatge de disc per clonar Tornar al repte 2 Tornar a Sistema de projecci\u00f3 Tenim 2 mem\u00f2ries USB, una amb el Clonezilla instal\u00b7lat i una altra de 32GB buida.<\/p>","protected":false},"author":1,"featured_media":0,"parent":0,"menu_order":0,"comment_status":"closed","ping_status":"closed","template":"","meta":{"footnotes":""},"class_list":["post-2642","page","type-page","status-publish"],"yoast_head":"<!-- This site is optimized with the Yoast SEO plugin v27.4 - https:\/\/yoast.com\/product\/yoast-seo-wordpress\/ -->\n<title>Procediment de creaci\u00f3 d&#039;una imatge de disc per clonar\u200b - Ana Borrego Toledo<\/title>\n<meta name=\"robots\" content=\"noindex, follow, max-snippet:-1, max-image-preview:large, max-video-preview:-1\" \/>\n<meta property=\"og:locale\" content=\"en_US\" \/>\n<meta property=\"og:type\" content=\"article\" \/>\n<meta property=\"og:title\" content=\"Procediment de creaci\u00f3 d&#039;una imatge de disc per clonar\u200b - Ana Borrego Toledo\" \/>\n<meta property=\"og:description\" content=\"Procediment de creaci\u00f3 d&#8217;una imatge de disc per clonar Tornar al repte 2 Tornar a Sistema de projecci\u00f3 Tenim 2 mem\u00f2ries USB, una amb el Clonezilla instal\u00b7lat i una altra de 32GB buida.\" \/>\n<meta property=\"og:url\" content=\"https:\/\/aborrego.inscastellbisbal.net\/en\/procediment-de-creacio-duna-imatge-de-disc-per-clonar\/\" \/>\n<meta property=\"og:site_name\" content=\"Ana Borrego Toledo\" \/>\n<meta property=\"article:modified_time\" content=\"2025-04-10T09:51:44+00:00\" \/>\n<meta property=\"og:image\" content=\"https:\/\/lh7-rt.googleusercontent.com\/docsz\/AD_4nXcGwESzQuQIFDDFTps2IXBNP_RuB_gZLz0JBXq_3B93_AHQdBMqCZqMuXbRXnnpZ6-L14G-ugcjU172EsqtvewbO-NBJ8Y3AL4Wjm6QT9cw7Bxgrq77HkI21Y2_yE4NBUvRNtYY?key=K-LUUHgkoUPMUZMu9Y2beKRs\" \/>\n<meta name=\"twitter:card\" content=\"summary_large_image\" \/>\n<meta name=\"twitter:label1\" content=\"Est. reading time\" \/>\n\t<meta name=\"twitter:data1\" content=\"4 minutes\" \/>\n<script type=\"application\/ld+json\" class=\"yoast-schema-graph\">{\"@context\":\"https:\\\/\\\/schema.org\",\"@graph\":[{\"@type\":\"WebPage\",\"@id\":\"https:\\\/\\\/aborrego.inscastellbisbal.net\\\/procediment-de-creacio-duna-imatge-de-disc-per-clonar\\\/\",\"url\":\"https:\\\/\\\/aborrego.inscastellbisbal.net\\\/procediment-de-creacio-duna-imatge-de-disc-per-clonar\\\/\",\"name\":\"Procediment de creaci\u00f3 d'una imatge de disc per clonar\u200b - Ana Borrego Toledo\",\"isPartOf\":{\"@id\":\"https:\\\/\\\/aborrego.inscastellbisbal.net\\\/#website\"},\"primaryImageOfPage\":{\"@id\":\"https:\\\/\\\/aborrego.inscastellbisbal.net\\\/procediment-de-creacio-duna-imatge-de-disc-per-clonar\\\/#primaryimage\"},\"image\":{\"@id\":\"https:\\\/\\\/aborrego.inscastellbisbal.net\\\/procediment-de-creacio-duna-imatge-de-disc-per-clonar\\\/#primaryimage\"},\"thumbnailUrl\":\"https:\\\/\\\/lh7-rt.googleusercontent.com\\\/docsz\\\/AD_4nXcGwESzQuQIFDDFTps2IXBNP_RuB_gZLz0JBXq_3B93_AHQdBMqCZqMuXbRXnnpZ6-L14G-ugcjU172EsqtvewbO-NBJ8Y3AL4Wjm6QT9cw7Bxgrq77HkI21Y2_yE4NBUvRNtYY?key=K-LUUHgkoUPMUZMu9Y2beKRs\",\"datePublished\":\"2024-11-15T10:36:09+00:00\",\"dateModified\":\"2025-04-10T09:51:44+00:00\",\"breadcrumb\":{\"@id\":\"https:\\\/\\\/aborrego.inscastellbisbal.net\\\/procediment-de-creacio-duna-imatge-de-disc-per-clonar\\\/#breadcrumb\"},\"inLanguage\":\"en-US\",\"potentialAction\":[{\"@type\":\"ReadAction\",\"target\":[\"https:\\\/\\\/aborrego.inscastellbisbal.net\\\/procediment-de-creacio-duna-imatge-de-disc-per-clonar\\\/\"]}]},{\"@type\":\"ImageObject\",\"inLanguage\":\"en-US\",\"@id\":\"https:\\\/\\\/aborrego.inscastellbisbal.net\\\/procediment-de-creacio-duna-imatge-de-disc-per-clonar\\\/#primaryimage\",\"url\":\"https:\\\/\\\/lh7-rt.googleusercontent.com\\\/docsz\\\/AD_4nXcGwESzQuQIFDDFTps2IXBNP_RuB_gZLz0JBXq_3B93_AHQdBMqCZqMuXbRXnnpZ6-L14G-ugcjU172EsqtvewbO-NBJ8Y3AL4Wjm6QT9cw7Bxgrq77HkI21Y2_yE4NBUvRNtYY?key=K-LUUHgkoUPMUZMu9Y2beKRs\",\"contentUrl\":\"https:\\\/\\\/lh7-rt.googleusercontent.com\\\/docsz\\\/AD_4nXcGwESzQuQIFDDFTps2IXBNP_RuB_gZLz0JBXq_3B93_AHQdBMqCZqMuXbRXnnpZ6-L14G-ugcjU172EsqtvewbO-NBJ8Y3AL4Wjm6QT9cw7Bxgrq77HkI21Y2_yE4NBUvRNtYY?key=K-LUUHgkoUPMUZMu9Y2beKRs\"},{\"@type\":\"BreadcrumbList\",\"@id\":\"https:\\\/\\\/aborrego.inscastellbisbal.net\\\/procediment-de-creacio-duna-imatge-de-disc-per-clonar\\\/#breadcrumb\",\"itemListElement\":[{\"@type\":\"ListItem\",\"position\":1,\"name\":\"Home\",\"item\":\"https:\\\/\\\/aborrego.inscastellbisbal.net\\\/\"},{\"@type\":\"ListItem\",\"position\":2,\"name\":\"Procediment de creaci\u00f3 d&#8217;una imatge de disc per clonar\u200b\"}]},{\"@type\":\"WebSite\",\"@id\":\"https:\\\/\\\/aborrego.inscastellbisbal.net\\\/#website\",\"url\":\"https:\\\/\\\/aborrego.inscastellbisbal.net\\\/\",\"name\":\"Ana Borrego Toledo\",\"description\":\"\",\"publisher\":{\"@id\":\"https:\\\/\\\/aborrego.inscastellbisbal.net\\\/#organization\"},\"potentialAction\":[{\"@type\":\"SearchAction\",\"target\":{\"@type\":\"EntryPoint\",\"urlTemplate\":\"https:\\\/\\\/aborrego.inscastellbisbal.net\\\/?s={search_term_string}\"},\"query-input\":{\"@type\":\"PropertyValueSpecification\",\"valueRequired\":true,\"valueName\":\"search_term_string\"}}],\"inLanguage\":\"en-US\"},{\"@type\":\"Organization\",\"@id\":\"https:\\\/\\\/aborrego.inscastellbisbal.net\\\/#organization\",\"name\":\"Ana Borrego Toledo\",\"url\":\"https:\\\/\\\/aborrego.inscastellbisbal.net\\\/\",\"logo\":{\"@type\":\"ImageObject\",\"inLanguage\":\"en-US\",\"@id\":\"https:\\\/\\\/aborrego.inscastellbisbal.net\\\/#\\\/schema\\\/logo\\\/image\\\/\",\"url\":\"https:\\\/\\\/aborrego.inscastellbisbal.net\\\/wp-content\\\/uploads\\\/2025\\\/03\\\/cropped-Selection_255.png\",\"contentUrl\":\"https:\\\/\\\/aborrego.inscastellbisbal.net\\\/wp-content\\\/uploads\\\/2025\\\/03\\\/cropped-Selection_255.png\",\"width\":549,\"height\":328,\"caption\":\"Ana Borrego Toledo\"},\"image\":{\"@id\":\"https:\\\/\\\/aborrego.inscastellbisbal.net\\\/#\\\/schema\\\/logo\\\/image\\\/\"}}]}<\/script>\n<!-- \/ Yoast SEO plugin. -->","yoast_head_json":{"title":"Procediment de creaci\u00f3 d'una imatge de disc per clonar\u200b - Ana Borrego Toledo","robots":{"index":"noindex","follow":"follow","max-snippet":"max-snippet:-1","max-image-preview":"max-image-preview:large","max-video-preview":"max-video-preview:-1"},"og_locale":"en_US","og_type":"article","og_title":"Procediment de creaci\u00f3 d'una imatge de disc per clonar\u200b - Ana Borrego Toledo","og_description":"Procediment de creaci\u00f3 d&#8217;una imatge de disc per clonar Tornar al repte 2 Tornar a Sistema de projecci\u00f3 Tenim 2 mem\u00f2ries USB, una amb el Clonezilla instal\u00b7lat i una altra de 32GB buida.","og_url":"https:\/\/aborrego.inscastellbisbal.net\/en\/procediment-de-creacio-duna-imatge-de-disc-per-clonar\/","og_site_name":"Ana Borrego Toledo","article_modified_time":"2025-04-10T09:51:44+00:00","og_image":[{"url":"https:\/\/lh7-rt.googleusercontent.com\/docsz\/AD_4nXcGwESzQuQIFDDFTps2IXBNP_RuB_gZLz0JBXq_3B93_AHQdBMqCZqMuXbRXnnpZ6-L14G-ugcjU172EsqtvewbO-NBJ8Y3AL4Wjm6QT9cw7Bxgrq77HkI21Y2_yE4NBUvRNtYY?key=K-LUUHgkoUPMUZMu9Y2beKRs","type":"","width":"","height":""}],"twitter_card":"summary_large_image","twitter_misc":{"Est. reading time":"4 minutes"},"schema":{"@context":"https:\/\/schema.org","@graph":[{"@type":"WebPage","@id":"https:\/\/aborrego.inscastellbisbal.net\/procediment-de-creacio-duna-imatge-de-disc-per-clonar\/","url":"https:\/\/aborrego.inscastellbisbal.net\/procediment-de-creacio-duna-imatge-de-disc-per-clonar\/","name":"Procediment de creaci\u00f3 d'una imatge de disc per clonar\u200b - Ana Borrego Toledo","isPartOf":{"@id":"https:\/\/aborrego.inscastellbisbal.net\/#website"},"primaryImageOfPage":{"@id":"https:\/\/aborrego.inscastellbisbal.net\/procediment-de-creacio-duna-imatge-de-disc-per-clonar\/#primaryimage"},"image":{"@id":"https:\/\/aborrego.inscastellbisbal.net\/procediment-de-creacio-duna-imatge-de-disc-per-clonar\/#primaryimage"},"thumbnailUrl":"https:\/\/lh7-rt.googleusercontent.com\/docsz\/AD_4nXcGwESzQuQIFDDFTps2IXBNP_RuB_gZLz0JBXq_3B93_AHQdBMqCZqMuXbRXnnpZ6-L14G-ugcjU172EsqtvewbO-NBJ8Y3AL4Wjm6QT9cw7Bxgrq77HkI21Y2_yE4NBUvRNtYY?key=K-LUUHgkoUPMUZMu9Y2beKRs","datePublished":"2024-11-15T10:36:09+00:00","dateModified":"2025-04-10T09:51:44+00:00","breadcrumb":{"@id":"https:\/\/aborrego.inscastellbisbal.net\/procediment-de-creacio-duna-imatge-de-disc-per-clonar\/#breadcrumb"},"inLanguage":"en-US","potentialAction":[{"@type":"ReadAction","target":["https:\/\/aborrego.inscastellbisbal.net\/procediment-de-creacio-duna-imatge-de-disc-per-clonar\/"]}]},{"@type":"ImageObject","inLanguage":"en-US","@id":"https:\/\/aborrego.inscastellbisbal.net\/procediment-de-creacio-duna-imatge-de-disc-per-clonar\/#primaryimage","url":"https:\/\/lh7-rt.googleusercontent.com\/docsz\/AD_4nXcGwESzQuQIFDDFTps2IXBNP_RuB_gZLz0JBXq_3B93_AHQdBMqCZqMuXbRXnnpZ6-L14G-ugcjU172EsqtvewbO-NBJ8Y3AL4Wjm6QT9cw7Bxgrq77HkI21Y2_yE4NBUvRNtYY?key=K-LUUHgkoUPMUZMu9Y2beKRs","contentUrl":"https:\/\/lh7-rt.googleusercontent.com\/docsz\/AD_4nXcGwESzQuQIFDDFTps2IXBNP_RuB_gZLz0JBXq_3B93_AHQdBMqCZqMuXbRXnnpZ6-L14G-ugcjU172EsqtvewbO-NBJ8Y3AL4Wjm6QT9cw7Bxgrq77HkI21Y2_yE4NBUvRNtYY?key=K-LUUHgkoUPMUZMu9Y2beKRs"},{"@type":"BreadcrumbList","@id":"https:\/\/aborrego.inscastellbisbal.net\/procediment-de-creacio-duna-imatge-de-disc-per-clonar\/#breadcrumb","itemListElement":[{"@type":"ListItem","position":1,"name":"Home","item":"https:\/\/aborrego.inscastellbisbal.net\/"},{"@type":"ListItem","position":2,"name":"Procediment de creaci\u00f3 d&#8217;una imatge de disc per clonar\u200b"}]},{"@type":"WebSite","@id":"https:\/\/aborrego.inscastellbisbal.net\/#website","url":"https:\/\/aborrego.inscastellbisbal.net\/","name":"Ana Borrego Toledo","description":"","publisher":{"@id":"https:\/\/aborrego.inscastellbisbal.net\/#organization"},"potentialAction":[{"@type":"SearchAction","target":{"@type":"EntryPoint","urlTemplate":"https:\/\/aborrego.inscastellbisbal.net\/?s={search_term_string}"},"query-input":{"@type":"PropertyValueSpecification","valueRequired":true,"valueName":"search_term_string"}}],"inLanguage":"en-US"},{"@type":"Organization","@id":"https:\/\/aborrego.inscastellbisbal.net\/#organization","name":"Ana Borrego Toledo","url":"https:\/\/aborrego.inscastellbisbal.net\/","logo":{"@type":"ImageObject","inLanguage":"en-US","@id":"https:\/\/aborrego.inscastellbisbal.net\/#\/schema\/logo\/image\/","url":"https:\/\/aborrego.inscastellbisbal.net\/wp-content\/uploads\/2025\/03\/cropped-Selection_255.png","contentUrl":"https:\/\/aborrego.inscastellbisbal.net\/wp-content\/uploads\/2025\/03\/cropped-Selection_255.png","width":549,"height":328,"caption":"Ana Borrego Toledo"},"image":{"@id":"https:\/\/aborrego.inscastellbisbal.net\/#\/schema\/logo\/image\/"}}]}},"_links":{"self":[{"href":"https:\/\/aborrego.inscastellbisbal.net\/en\/wp-json\/wp\/v2\/pages\/2642","targetHints":{"allow":["GET"]}}],"collection":[{"href":"https:\/\/aborrego.inscastellbisbal.net\/en\/wp-json\/wp\/v2\/pages"}],"about":[{"href":"https:\/\/aborrego.inscastellbisbal.net\/en\/wp-json\/wp\/v2\/types\/page"}],"author":[{"embeddable":true,"href":"https:\/\/aborrego.inscastellbisbal.net\/en\/wp-json\/wp\/v2\/users\/1"}],"replies":[{"embeddable":true,"href":"https:\/\/aborrego.inscastellbisbal.net\/en\/wp-json\/wp\/v2\/comments?post=2642"}],"version-history":[{"count":10,"href":"https:\/\/aborrego.inscastellbisbal.net\/en\/wp-json\/wp\/v2\/pages\/2642\/revisions"}],"predecessor-version":[{"id":7100,"href":"https:\/\/aborrego.inscastellbisbal.net\/en\/wp-json\/wp\/v2\/pages\/2642\/revisions\/7100"}],"wp:attachment":[{"href":"https:\/\/aborrego.inscastellbisbal.net\/en\/wp-json\/wp\/v2\/media?parent=2642"}],"curies":[{"name":"wp","href":"https:\/\/api.w.org\/{rel}","templated":true}]}}